{"id":999,"date":"2023-12-07T15:13:18","date_gmt":"2023-12-07T14:13:18","guid":{"rendered":"https:\/\/helsedatadagen.no\/2024\/?page_id=999"},"modified":"2026-01-26T14:53:54","modified_gmt":"2026-01-26T13:53:54","slug":"bli-partner","status":"publish","type":"page","link":"https:\/\/helsedatadagen.no\/2026\/bli-partner\/","title":{"rendered":"Bli partner"},"content":{"rendered":"\n<h2>\n\t\t\tVil du bli partner p\u00e5 Helsedatadagen 2026?\t<\/h2>\n\t<p><em>9. april 2026 p\u00e5 Oslo Event Hub<\/em><\/p>\n<p>For femte gang samler EHiN bransjen for <strong>\u00e5 diskutere helsedata<\/strong>.<\/p>\n<p>Helsedata utgj\u00f8r en viktig byggestein i helsevesenet, og er et fundamentalt grunnlag for <strong>helseinnovasjon, forskning og utvikling<\/strong>.<\/p>\n<p>&nbsp;<\/p>\n<p>&nbsp;<\/p>\n<p>&nbsp;<\/p>\n<h2>\n\t\t\tEn m\u00f8teplass for kunnskap og samtale\t<\/h2>\n\t<p>&nbsp;<\/p>\n<ul> \t\n<li>Faglig innsikt<\/li>\n\n<li>Nettverke med viktige akt\u00f8rer, n\u00f8kkelpersoner og interessenter<\/li>\n\n<li>Vise hvem dere er til riktige folk<\/li>\n<\/ul>\n<p>&nbsp;<\/p>\n<p>&nbsp;<\/p>\n<p>&nbsp;<\/p>\n<p>&nbsp;<\/p>\n<h2>\n\t\t\tSom partner p\u00e5 Helsedatadagen 2026 f\u00e5r dere:\t<\/h2>\n\t<p>Som partner p\u00e5 Helsedatadagen 2026 f\u00e5r du:<\/p>\n<ul>\n<li>Tilgang til stand ca 4m\u00b2<\/li>\n<li>Ett bord, to stoler, str\u00f8m og str\u00f8muttak p\u00e5 stand<\/li>\n<li>2 konferansebilletter for ansatte.<\/li>\n<li>Dagpakke for 2 personer<\/li>\n<li>Profilering med digital logo i lokalene<\/li>\n<li>Profilering p\u00e5 EHiNs nettsider<\/li>\n<li>Synlig profilering under konferansen<\/li>\n<li>Deltakerliste fra de som har samtykket til deling<\/li>\n<li>Profilering i EHiNs nyhetsbrev<\/li>\n<li>Egen sesjon i offisielt program i samarbeid med programkomiteen<\/li>\n<\/ul>\n\t<p>\u00d8nsker dere enda mer synlighet?<\/p>\n<p><strong>Projekter logoen deres<\/strong> p\u00e5 veggen sammen med v\u00e5r! 5000 NOK eks.mva.<\/p>\n<p>Kontakt: <a href=\"mailto:partner@ehin.no\">partner@ehin.no<\/a><\/p>\n<h2>\n\t\t\tFordeler for hel\u00e5rspartnere:\t<\/h2>\n\t<ul>\n<li>Prioritert valg for utstillerplass. Vis dere frem, nettverk og start gode samtaler<\/li>\n<li>Prioriterte bidrag til programmet under EHiNs regi<\/li>\n<li>Logo og synlighet p\u00e5 nettside, nyhetsbrev og markedsf\u00f8ring til Helsedatadagen 2026<\/li>\n<li>Halv pris p\u00e5 helsedatadagen-pakken<\/li>\n<\/ul>\n\n","protected":false},"excerpt":{"rendered":"<p>Vil du bli partner p\u00e5 Helsedatadagen 2026? 9. april 2026 p\u00e5 Oslo Event Hub For femte gang samler EHiN bransjen for \u00e5 diskutere helsedata. Helsedata utgj\u00f8r en viktig byggestein i helsevesenet, og er et fundamentalt grunnlag for helseinnovasjon, forskning og utvikling. &nbsp; &nbsp; &nbsp; En m\u00f8teplass for kunnskap og samtale &nbsp; Faglig innsikt Nettverke med&hellip;<\/p>\n","protected":false},"author":1,"featured_media":0,"parent":0,"menu_order":0,"comment_status":"closed","ping_status":"closed","template":"","meta":{"_acf_changed":false,"footnotes":""},"class_list":["post-999","page","type-page","status-publish","hentry"],"acf":[],"_links":{"self":[{"href":"https:\/\/helsedatadagen.no\/2026\/wp-json\/wp\/v2\/pages\/999","targetHints":{"allow":["GET"]}}],"collection":[{"href":"https:\/\/helsedatadagen.no\/2026\/wp-json\/wp\/v2\/pages"}],"about":[{"href":"https:\/\/helsedatadagen.no\/2026\/wp-json\/wp\/v2\/types\/page"}],"author":[{"embeddable":true,"href":"https:\/\/helsedatadagen.no\/2026\/wp-json\/wp\/v2\/users\/1"}],"replies":[{"embeddable":true,"href":"https:\/\/helsedatadagen.no\/2026\/wp-json\/wp\/v2\/comments?post=999"}],"version-history":[{"count":1,"href":"https:\/\/helsedatadagen.no\/2026\/wp-json\/wp\/v2\/pages\/999\/revisions"}],"predecessor-version":[{"id":1270,"href":"https:\/\/helsedatadagen.no\/2026\/wp-json\/wp\/v2\/pages\/999\/revisions\/1270"}],"wp:attachment":[{"href":"https:\/\/helsedatadagen.no\/2026\/wp-json\/wp\/v2\/media?parent=999"}],"curies":[{"name":"wp","href":"https:\/\/api.w.org\/{rel}","templated":true}]}}