{"id":966,"date":"2023-12-07T10:17:02","date_gmt":"2023-12-07T09:17:02","guid":{"rendered":"https:\/\/helsedatadagen.no\/2024\/?page_id=966"},"modified":"2026-01-21T15:51:21","modified_gmt":"2026-01-21T14:51:21","slug":"program","status":"publish","type":"page","link":"https:\/\/helsedatadagen.no\/2025\/program\/","title":{"rendered":"Program"},"content":{"rendered":"\n<h1>\n\t\tProgram 2025\n\t<\/h1>\n\t<p>Programmet er under utvikling, men alle foredragsholdere er bekreftet. Programmet avholdes 6. mai.<\/p>\n\t<p><strong>08:00-09:00<\/strong><\/p>\n<h2>\n\t\tRegistrering\n\t<\/h2>\n\t<p><strong>09:00-10:00<\/strong><br \/>Scene 1<\/p>\n<h2>\n\t\t<a href=\"https:\/\/helsedatadagen.no\/2025\/session\/sesjon-1\/\" title=\"Velkommen til Helsedatadagen 2025!\" target=\"_self\">\n\t\tVelkommen til Helsedatadagen 2025!\n\t\t<\/a>\n\t<\/h2>\n\t<p>&nbsp;<\/p>\n<p><strong>\u00c5pningssesjon: Det politiske landskapet<\/strong><\/p>\nHelsedata omtales ofte som \u00abdet nye gullet\u00bb &#8211; med et potensial til \u00e5 revolusjonere forskning, behandling, diagnostikk og innovasjon i helsetjenestene. Men som med all verdifull ressurs, f\u00f8lger ogs\u00e5 vanskelige sp\u00f8rsm\u00e5l: Hvordan forvalter vi dataene p\u00e5 en trygg, etisk og effektiv m\u00e5te? Hvem skal ha tilgang, og til hva? Og hvordan balanserer vi \u00f8nsket om verdiskaping med hensyn til personvern og tillit?<br \/>\nI dag samler vi stemmer fra forskning, myndigheter, n\u00e6ringsliv og teknologimilj\u00f8er for \u00e5 utforske disse sp\u00f8rsm\u00e5lene. Vi ser p\u00e5 hva som trengs for \u00e5 realisere verdien i norske helsedata &#8211; og hvor det kan oppst\u00e5 utfordringer.\n<strong>Digitaliseringsstrategi og ambisjoner<br \/>\n<\/strong>v\/ <a href=\"https:\/\/helsedatadagen.no\/2025\/speaker\/marianne-wilhelmsen\/\">Marianne Wilhelmsen<\/a>, Statssekret\u00e6r, Ap, Digitaliserings- og forvaltningsdepartementet\n<strong>Sharing is Caring &#8211; Hvorfor helsedata m\u00e5 deles n\u00e5 i en KI-st\u00f8ttet\u00a0helsetjeneste<br \/>\n<\/strong>v\/ <a href=\"https:\/\/helsedatadagen.no\/2025\/speaker\/ishita-barua\/\">Ishita Barua<\/a>, Chief Medical Officer, Livv\n<strong>Teknologi: Muligheter og b\u00e6rekraftig innovasjon<\/strong><br \/>\nv\/ <a href=\"https:\/\/helsedatadagen.no\/2025\/speaker\/silvija-seres\/\">Silvija Seres<\/a>, Matematiker og teknologi investor\n<p><strong>Moderator:<\/strong> <a href=\"https:\/\/helsedatadagen.no\/2025\/speaker\/sunniva-balstad\/\">Sunniva Balstad<\/a>, Spesialr\u00e5dgiver kommunikasjon og kompetanse<\/p>\n\t<strong>10:15-10:55<\/strong><br \/>\nScene 1\n<h2>\n\t\t<a href=\"https:\/\/helsedatadagen.no\/2025\/session\/sesjon-2\/\" title=\"Nasjonal helsedatainfrastruktur - status, samarbeid og strategisk retning\" target=\"_self\">\n\t\tNasjonal helsedatainfrastruktur &#8211; status, samarbeid og strategisk retning\n\t\t<\/a>\n\t<\/h2>\n\t<p>Tilgang til helsedata er avgj\u00f8rende for kunnskapsbasert utvikling i helse- og forskningssektoren. I denne sesjonen f\u00e5r vi en oppdatering p\u00e5 status, og et lite dykk inn i fremtiden. Samtidig l\u00f8ftes blikket mot strategiske veivalg i utviklingen av helsedatainfrastrukturen, og det vi vet kommer med EHDS. B\u00e5de H\u00e5vard og Gard er sv\u00e6rt dyktige, og har lang erfaring fra systemet samt er godt kjent med b\u00e5de muligheter og utfordringer.<\/p>\n<strong>Status fra FHI &amp; Helsedataservice<\/strong><br \/>\nv\/ <a href=\"https:\/\/helsedatadagen.no\/2025\/speaker\/havard-kolle-riis\/\">H\u00e5vard Kolle Riis<\/a>, Avdelingsdirekt\u00f8r for helsedata, Folkehelseinstituttet\n<strong>Regjeringen peker p\u00e5 NORTRE i systemmeldingen, &#8211; hva er status og mulighetsrommet?<\/strong><br \/>\nv\/ <a href=\"https:\/\/helsedatadagen.no\/2025\/speaker\/gard-thomassen\/\">Gard Thomassen<\/a>, IT-direkt\u00f8r, UiO\n<p><strong>Moderator: <\/strong><a href=\"https:\/\/helsedatadagen.no\/2025\/speaker\/iselin-holmedal-marstrander\/\" target=\"_blank\" rel=\"noopener\">Iselin Marstrander<\/a>, Prosjektleder, Hjernesvulstforeningen<\/p>\n\t<strong>11:00-11:45<br \/>\n<\/strong>Scene 1\n<h2>\n\t\t<a href=\"https:\/\/helsedatadagen.no\/2025\/session\/sesjon-3b\/\" title=\"Tech som styrer data\" target=\"_self\">\n\t\tTech som styrer data\n\t\t<\/a>\n\t<\/h2>\n\t<p><strong>Speakere:<\/strong><\/p>\n<ul>\n<li><a href=\"https:\/\/helsedatadagen.no\/2025\/speaker\/jonathan-seim\/\">Jonathan Seim<\/a>, Google Data &amp; Architecture specialist<\/li>\n<li><a href=\"https:\/\/helsedatadagen.no\/2025\/speaker\/krishna-singh\/\">Krishna Singh<\/a>, Data and AI executive, Amazon Web Services<\/li>\n<\/ul>\n<p><strong>Moderator: <\/strong><a href=\"https:\/\/helsedatadagen.no\/2025\/speaker\/hanne-store-valeur\/\">Hanne St\u00f8re Valeur<\/a>, Head of Tietoevry Care Norway<\/p>\n\t<strong>11:45-12:30<\/strong><br \/>\nFellesomr\u00e5de\n<h2>\n\t\tNettverkslunsj\n\t<\/h2>\n\t<p>Felles lunsj<\/p>\n\t<strong>12:30-13:30<\/strong><br \/>\nScene 1\n<h2>\n\t\t<a href=\"https:\/\/helsedatadagen.no\/2025\/session\/sesjon-4a\/\" title=\"From data to impact - AI in practice at HUS and OUS\" target=\"_self\">\n\t\tFrom data to impact &#8211; AI in practice at HUS and OUS\n\t\t<\/a>\n\t<\/h2>\n\t<p>In this session, we gain insight into how HUS and OUS work with data and AI from two different, yet complementary perspectives &#8211; and how Nordic university hospitals can become a driving force for innovation and sustainable development in the healthcare sector.<\/p>\n<strong>Data and AI to support operations management and secondary use of health data<\/strong><br \/>\nv\/ <a href=\"https:\/\/helsedatadagen.no\/2025\/speaker\/bjorn-atle-bjornbeth\/\">Bj\u00f8rn Atle Bj\u00f8rnbeth<\/a>, Administrerende direkt\u00f8r, Oslo universitetssykehus\n<strong>Rare Diseases and AI &#8211; How HUS develops AI applications for diagnosis of rare diseases?<\/strong><br \/>\nv\/ <a href=\"https:\/\/helsedatadagen.no\/2025\/speaker\/mikko-seppanen\/\">Mikko Sepp\u00e4nen<\/a>, Director, Helsinki University Hospital Rare Diseases Center, HUS\n<p><strong>Panel discussion with:<\/strong><\/p>\n<ul>\n<li><a href=\"https:\/\/helsedatadagen.no\/2025\/speaker\/bjorn-atle-bjornbeth\/\">Bj\u00f8rn Atle Bj\u00f8rnbeth<\/a>, Administrerende direkt\u00f8r, Oslo universitetssykehus<\/li>\n<li><a href=\"https:\/\/helsedatadagen.no\/2025\/speaker\/mikko-seppanen\/\">Mikko Sepp\u00e4nen<\/a>, Director, Helsinki University Hospital Rare Diseases Center, HUS<\/li>\n<\/ul>\n<p>Discussing how the Nordic university hospitals can become a powerhouse of data utilization and AI development in Europe.<\/p>\n<p><strong>Moderator: <\/strong><a href=\"https:\/\/helsedatadagen.no\/2025\/speaker\/hans-jacob-moe\/\">Hans Jacob Moe<\/a>, Business Developer, Tietoevry Care<\/p>\n\t<strong>13:45-14:30<\/strong><br \/>\nScene 1\n<h2>\n\t\t<a href=\"https:\/\/helsedatadagen.no\/2025\/session\/sesjon-5a\/\" title=\"Nordic data ambitions\" target=\"_self\">\n\t\tNordic data ambitions\n\t\t<\/a>\n\t<\/h2>\n\tHow can the Nordics as small, but highly developed area take a stake in the quick evolving area of health data and AI? Meet Markus Kalliola, coordinator of Joint Action Towards The European Health Data Space, and Ira Haraldsen,\u00a0Project coordinator for AI-Mind and head of Center for Cognitive Health in Brain Disease act the Oslo University Hospital.\n<p><strong>Speakere:<\/strong><\/p>\n<ul>\n<li><a href=\"https:\/\/helsedatadagen.no\/2025\/speaker\/markus-kalliola\/\">Markus Kalliola<\/a>, Project director, The Finnish innovation fund Sitra, Finland<\/li>\n<li><a href=\"https:\/\/helsedatadagen.no\/2025\/speaker\/ira-haraldsen\/\">Ira Haraldsen<\/a>, Project coordinator for AI-Mind and head of Center for Cognitive Health in Brain Disease<\/li>\n<\/ul>\n<p><strong>Moderator:\u00a0<\/strong><a href=\"https:\/\/helsedatadagen.no\/2025\/speaker\/nard-schreurs\/\" target=\"_blank\" rel=\"noopener\">Nard Schreurs<\/a>, Daglig leder, EHiN<\/p>\n\t<strong>14:45-15:30<\/strong><br \/>\nScene 1\n<h2>\n\t\t<a href=\"https:\/\/helsedatadagen.no\/2025\/session\/sesjon-6b\/\" title=\"KI i helse: Veien til skalering\" target=\"_self\">\n\t\tKI i helse: Veien til skalering\n\t\t<\/a>\n\t<\/h2>\n\t<p>Hvordan kan kunstig intelligens bidra til en mer effektiv, b\u00e6rekraftig og trygg helsetjeneste? I denne sesjonen deler forskere og eksperter fra Nasjonalt senter for e-helseforskning og Norsk helsenett innsikt fra p\u00e5g\u00e5ende forskning og praktiske erfaringer med KI i norsk helsevesen. Vi f\u00e5r h\u00f8re om hva som skal til for \u00e5 skalere kommersielle KI-l\u00f8sninger, hvordan generativ KI kan st\u00f8tte sunn matforvaltning, og hvordan syntetiske helsedata kan bidra til bedre beslutningsgrunnlag og innovasjon.<\/p>\n<strong>Forskning p\u00e5 innf\u00f8ring av kommersiell KI i Norsk helsevesen: Hva har vi l\u00e6rt og hvordan bruke\u00a0det\u00a0videre?<\/strong><br \/>\nv\/ <a href=\"https:\/\/helsedatadagen.no\/2025\/speaker\/gro-hilde-severinsen\/\">Gro-Hilde Severinsen<\/a>, Seniorforsker, Helhetlige pasientforl\u00f8p, Nasjonalt senter for e-helseforskning<br \/>\n<strong>B\u00e6rekraftig og sunt matsystem ved bruk av generativ kunstig\u00a0intelligens<\/strong><br \/>\nv\/ <a href=\"https:\/\/helsedatadagen.no\/2025\/speaker\/maryam-tayefi\/\">Maryam Tayefi<\/a>, Senior forsker, avdeling for teknologi og AI, Nasjonalt senter for e-helseforskning<br \/>\n<strong>Helsedata og bruk av AI for \u00e5 syntetisere\u00a0helsedata<\/strong><br \/>\nv\/ <a href=\"https:\/\/helsedatadagen.no\/2025\/speaker\/cecilie-fossli\/\">Cecilie Fossli<\/a>, Omr\u00e5deprodukteier, Norsk helsenett &amp; <a href=\"https:\/\/helsedatadagen.no\/2025\/speaker\/malachy-moran\/\">Malachy Moran<\/a>, Data scientist, Norsk helsenett\n<p><strong>Moderator:<\/strong> <a href=\"https:\/\/helsedatadagen.no\/2025\/speaker\/sunniva-balstad\/\">Sunniva Balstad<\/a>, Spesialr\u00e5dgiver kommunikasjon og kompetanse<\/p>\n\t<p><strong>15:30-16:15<\/strong><br \/>Scene 1<\/p>\n<h2>\n\t\t<a href=\"https:\/\/helsedatadagen.no\/2025\/session\/sesjon-7\/\" title=\"Norges helsedata -\u00a0hva\u00a0n\u00e5? - Avsluttende debatt\" target=\"_self\">\n\t\tNorges helsedata &#8211;\u00a0hva\u00a0n\u00e5? &#8211; Avsluttende debatt\n\t\t<\/a>\n\t<\/h2>\n\t<p>Helsedata omtales ofte som \u00abdet nye gullet\u00bb, men Norge har enn\u00e5 ikke en effektiv modell for tilgang og bruk. Hvordan kan vi skape reell innovasjon og verdi for b\u00e5de pasienter, helsevesen og n\u00e6ringsliv &#8211; samtidig som vi ivaretar tillit og personvern? Denne debatten samler sentrale akt\u00f8rer for \u00e5 diskutere hva som m\u00e5 til for \u00e5 realisere potensialet i norske\u00a0helsedata.<\/p>\n<p><strong>Speakere:<\/strong><\/p>\n<ul>\n<li><a href=\"https:\/\/helsedatadagen.no\/2025\/speaker\/ellen-ronning-arnesen\/\">Ellen R\u00f8nning-Arnesen<\/a>, Statssekret\u00e6r, Helse- og omsorgsdepartementet, AP<\/li>\n<li><a href=\"https:\/\/helsedatadagen.no\/2025\/speaker\/hanne-store-valeur\/\">Hanne St\u00f8re Valeur<\/a>, Head of Tietoevry Care Norway<\/li>\n<li><a href=\"https:\/\/helsedatadagen.no\/2025\/speaker\/ira-haraldsen\/\">Ira Haraldsen<\/a>, Project coordinator for AI-Mind and head of Center for Cognitive Health in Brain Disease<\/li>\n<li><a href=\"https:\/\/helsedatadagen.no\/2025\/speaker\/cecilie-fossli\/\">Cecilie Fossli<\/a>, Omr\u00e5deprodukteier, Norsk helsenett<\/li>\n<\/ul>\n<p><strong>Moderator: <\/strong><a href=\"https:\/\/helsedatadagen.no\/2025\/speaker\/nard-schreurs\/\" target=\"_blank\" rel=\"noopener\">Nard Schreurs<\/a>, Daglig leder, EHiN<\/p>\n\n","protected":false},"excerpt":{"rendered":"<p>Program 2025 Programmet er under utvikling, men alle foredragsholdere er bekreftet. Programmet avholdes 6. mai. 08:00-09:00 Registrering 09:00-10:00Scene 1 Velkommen til Helsedatadagen 2025! &nbsp; \u00c5pningssesjon: Det politiske landskapet Helsedata omtales ofte som \u00abdet nye gullet\u00bb &#8211; med et potensial til \u00e5 revolusjonere forskning, behandling, diagnostikk og innovasjon i helsetjenestene. Men som med all verdifull ressurs,&hellip;<\/p>\n","protected":false},"author":1,"featured_media":0,"parent":0,"menu_order":0,"comment_status":"closed","ping_status":"closed","template":"","meta":{"_acf_changed":false,"footnotes":""},"class_list":["post-966","page","type-page","status-publish","hentry"],"acf":[],"_links":{"self":[{"href":"https:\/\/helsedatadagen.no\/2025\/wp-json\/wp\/v2\/pages\/966","targetHints":{"allow":["GET"]}}],"collection":[{"href":"https:\/\/helsedatadagen.no\/2025\/wp-json\/wp\/v2\/pages"}],"about":[{"href":"https:\/\/helsedatadagen.no\/2025\/wp-json\/wp\/v2\/types\/page"}],"author":[{"embeddable":true,"href":"https:\/\/helsedatadagen.no\/2025\/wp-json\/wp\/v2\/users\/1"}],"replies":[{"embeddable":true,"href":"https:\/\/helsedatadagen.no\/2025\/wp-json\/wp\/v2\/comments?post=966"}],"version-history":[{"count":83,"href":"https:\/\/helsedatadagen.no\/2025\/wp-json\/wp\/v2\/pages\/966\/revisions"}],"predecessor-version":[{"id":1506,"href":"https:\/\/helsedatadagen.no\/2025\/wp-json\/wp\/v2\/pages\/966\/revisions\/1506"}],"wp:attachment":[{"href":"https:\/\/helsedatadagen.no\/2025\/wp-json\/wp\/v2\/media?parent=966"}],"curies":[{"name":"wp","href":"https:\/\/api.w.org\/{rel}","templated":true}]}}