{"id":962,"date":"2023-12-07T10:12:10","date_gmt":"2023-12-07T09:12:10","guid":{"rendered":"https:\/\/helsedatadagen.no\/2024\/?page_id=962"},"modified":"2023-12-07T10:12:10","modified_gmt":"2023-12-07T09:12:10","slug":"speakere","status":"publish","type":"page","link":"https:\/\/helsedatadagen.no\/2025\/speakere\/","title":{"rendered":"Speakere"},"content":{"rendered":"\n<h1>\n\t\t\u00c5rets speakere\n\t<\/h1>\n\t<p>M\u00f8t \u00e5rets speakere p\u00e5 Helsedatadagen!<\/p>\n\t\t<a href=\"https:\/\/helsedatadagen.no\/2024\/speaker\/gun-peggy-knudsen\/\" target=\"_self\" rel=\"noopener\"><\/a>\t\t\n\t\t\t\t\t\t\t\t\t\t\t\t\t\t<a href=\"https:\/\/helsedatadagen.no\/2024\/speaker\/gun-peggy-knudsen\/\" target=\"_self\" title=\"Gun Peggy Knudsen\" rel=\"noopener\">\n\t\t\t\t<img decoding=\"async\" src=\"https:\/\/helsedatadagen.no\/2024\/wp-content\/uploads\/sites\/4\/2023\/12\/Gun-Peggy-Knudsen-modified-1.png\" alt=\"\" \/>\n\t\t\t\t<\/a>\n\t\t\t\t\t\t<h3>\n\t\t\t\t<a href=\"https:\/\/helsedatadagen.no\/2024\/speaker\/gun-peggy-knudsen\/\" title=\"Gun Peggy Knudsen\">Gun Peggy Knudsen<\/a>\t\t\t<\/h3>\n\t\t<a href=\"https:\/\/helsedatadagen.no\/2024\/speaker\/havard-kolle-riis\/\" target=\"_self\" rel=\"noopener\"><\/a>\t\t\n\t\t\t\t\t\t\t\t\t\t\t\t\t\t<a href=\"https:\/\/helsedatadagen.no\/2024\/speaker\/havard-kolle-riis\/\" target=\"_self\" title=\"H\u00e5vard Kolle Riis\" rel=\"noopener\">\n\t\t\t\t<img decoding=\"async\" src=\"https:\/\/helsedatadagen.no\/2024\/wp-content\/uploads\/sites\/4\/2023\/12\/Havard-Kolle-Riis-3.png\" alt=\"\" \/>\n\t\t\t\t<\/a>\n\t\t\t\t\t\t<h3>\n\t\t\t\t<a href=\"https:\/\/helsedatadagen.no\/2024\/speaker\/havard-kolle-riis\/\" title=\"H\u00e5vard Kolle Riis\">H\u00e5vard Kolle Riis<\/a>\t\t\t<\/h3>\n\t\t<a href=\"https:\/\/helsedatadagen.no\/2024\/speaker\/ivar-hukkelberg\/\" target=\"_self\" rel=\"noopener\"><\/a>\t\t\n\t\t\t\t\t\t\t\t\t\t\t\t\t\t<a href=\"https:\/\/helsedatadagen.no\/2024\/speaker\/ivar-hukkelberg\/\" target=\"_self\" title=\"Ivar Hukkelberg\" rel=\"noopener\">\n\t\t\t\t<img decoding=\"async\" src=\"https:\/\/helsedatadagen.no\/2024\/wp-content\/uploads\/sites\/4\/2023\/12\/Ivar-Hukkelberg-1.png\" alt=\"\" \/>\n\t\t\t\t<\/a>\n\t\t\t\t\t\t<h3>\n\t\t\t\t<a href=\"https:\/\/helsedatadagen.no\/2024\/speaker\/ivar-hukkelberg\/\" title=\"Ivar Hukkelberg\">Ivar Hukkelberg<\/a>\t\t\t<\/h3>\n\t\t<a href=\"https:\/\/helsedatadagen.no\/2024\/speaker\/jesper-ravn\/\" target=\"_self\" rel=\"noopener\"><\/a>\t\t\n\t\t\t\t\t\t\t\t\t\t\t\t\t\t<a href=\"https:\/\/helsedatadagen.no\/2024\/speaker\/jesper-ravn\/\" target=\"_self\" title=\"Jesper Ravn\" rel=\"noopener\">\n\t\t\t\t<img decoding=\"async\" src=\"https:\/\/helsedatadagen.no\/2024\/wp-content\/uploads\/sites\/4\/2023\/12\/Jesper-ravn-1.png\" alt=\"\" \/>\n\t\t\t\t<\/a>\n\t\t\t\t\t\t<h3>\n\t\t\t\t<a href=\"https:\/\/helsedatadagen.no\/2024\/speaker\/jesper-ravn\/\" title=\"Jesper Ravn\">Jesper Ravn<\/a>\t\t\t<\/h3>\n\t\t<a href=\"https:\/\/helsedatadagen.no\/2024\/speaker\/ketil-widerberg\/\" target=\"_self\" rel=\"noopener\"><\/a>\t\t\n\t\t\t\t\t\t\t\t\t\t\t\t\t\t<a href=\"https:\/\/helsedatadagen.no\/2024\/speaker\/ketil-widerberg\/\" target=\"_self\" title=\"Ketil Widerberg\" rel=\"noopener\">\n\t\t\t\t<img decoding=\"async\" src=\"https:\/\/helsedatadagen.no\/2024\/wp-content\/uploads\/sites\/4\/2023\/12\/Ketil-widerberg-4-modified-1.png\" alt=\"\" \/>\n\t\t\t\t<\/a>\n\t\t\t\t\t\t<h3>\n\t\t\t\t<a href=\"https:\/\/helsedatadagen.no\/2024\/speaker\/ketil-widerberg\/\" title=\"Ketil Widerberg\">Ketil Widerberg<\/a>\t\t\t<\/h3>\n\t\t<a href=\"https:\/\/helsedatadagen.no\/2024\/speaker\/line-tveiten\/\" target=\"_self\" rel=\"noopener\"><\/a>\t\t\n\t\t\t\t\t\t\t\t\t\t\t\t\t\t<a href=\"https:\/\/helsedatadagen.no\/2024\/speaker\/line-tveiten\/\" target=\"_self\" title=\"Line Tveiten\" rel=\"noopener\">\n\t\t\t\t<img decoding=\"async\" src=\"https:\/\/helsedatadagen.no\/2024\/wp-content\/uploads\/sites\/4\/2024\/01\/Line-Tveiten-e1697012304300-modified.png\" alt=\"\" \/>\n\t\t\t\t<\/a>\n\t\t\t\t\t\t<h3>\n\t\t\t\t<a href=\"https:\/\/helsedatadagen.no\/2024\/speaker\/line-tveiten\/\" title=\"Line Tveiten\">Line Tveiten<\/a>\t\t\t<\/h3>\n\t\t<a href=\"https:\/\/helsedatadagen.no\/2024\/speaker\/mariann-hornnes\/\" target=\"_self\" rel=\"noopener\"><\/a>\t\t\n\t\t\t\t\t\t\t\t\t\t\t\t\t\t<a href=\"https:\/\/helsedatadagen.no\/2024\/speaker\/mariann-hornnes\/\" target=\"_self\" title=\"Mariann Hornnes\" rel=\"noopener\">\n\t\t\t\t<img decoding=\"async\" src=\"https:\/\/helsedatadagen.no\/2024\/wp-content\/uploads\/sites\/4\/2023\/12\/Mariann-Hornnes-1-modified.png\" alt=\"\" \/>\n\t\t\t\t<\/a>\n\t\t\t\t\t\t<h3>\n\t\t\t\t<a href=\"https:\/\/helsedatadagen.no\/2024\/speaker\/mariann-hornnes\/\" title=\"Mariann Hornnes\">Mariann Hornnes<\/a>\t\t\t<\/h3>\n\t\t<a href=\"https:\/\/helsedatadagen.no\/2024\/speaker\/stein-olav-skrovseth\/\" target=\"_self\" rel=\"noopener\"><\/a>\t\t\n\t\t\t\t\t\t\t\t\t\t\t\t\t\t<a href=\"https:\/\/helsedatadagen.no\/2024\/speaker\/stein-olav-skrovseth\/\" target=\"_self\" title=\"Stein Olav Skr\u00f8vseth\" rel=\"noopener\">\n\t\t\t\t<img decoding=\"async\" src=\"https:\/\/helsedatadagen.no\/2024\/wp-content\/uploads\/sites\/4\/2023\/12\/Stein-Olav-Skrovseth-1.png\" alt=\"\" \/>\n\t\t\t\t<\/a>\n\t\t\t\t\t\t<h3>\n\t\t\t\t<a href=\"https:\/\/helsedatadagen.no\/2024\/speaker\/stein-olav-skrovseth\/\" title=\"Stein Olav Skr\u00f8vseth\">Stein Olav Skr\u00f8vseth<\/a>\t\t\t<\/h3>\n\n","protected":false},"excerpt":{"rendered":"<p>\u00c5rets speakere M\u00f8t \u00e5rets speakere p\u00e5 Helsedatadagen! Gun Peggy Knudsen H\u00e5vard Kolle Riis Ivar Hukkelberg Jesper Ravn Ketil Widerberg Line Tveiten Mariann Hornnes Stein Olav Skr\u00f8vseth<\/p>\n","protected":false},"author":1,"featured_media":0,"parent":0,"menu_order":0,"comment_status":"closed","ping_status":"closed","template":"","meta":{"_acf_changed":false,"footnotes":""},"class_list":["post-962","page","type-page","status-publish","hentry"],"acf":[],"_links":{"self":[{"href":"https:\/\/helsedatadagen.no\/2025\/wp-json\/wp\/v2\/pages\/962","targetHints":{"allow":["GET"]}}],"collection":[{"href":"https:\/\/helsedatadagen.no\/2025\/wp-json\/wp\/v2\/pages"}],"about":[{"href":"https:\/\/helsedatadagen.no\/2025\/wp-json\/wp\/v2\/types\/page"}],"author":[{"embeddable":true,"href":"https:\/\/helsedatadagen.no\/2025\/wp-json\/wp\/v2\/users\/1"}],"replies":[{"embeddable":true,"href":"https:\/\/helsedatadagen.no\/2025\/wp-json\/wp\/v2\/comments?post=962"}],"version-history":[{"count":0,"href":"https:\/\/helsedatadagen.no\/2025\/wp-json\/wp\/v2\/pages\/962\/revisions"}],"wp:attachment":[{"href":"https:\/\/helsedatadagen.no\/2025\/wp-json\/wp\/v2\/media?parent=962"}],"curies":[{"name":"wp","href":"https:\/\/api.w.org\/{rel}","templated":true}]}}