{"id":1068,"date":"2024-01-31T22:40:15","date_gmt":"2024-01-31T21:40:15","guid":{"rendered":"https:\/\/helsedatadagen.no\/2024\/?page_id=1068"},"modified":"2025-04-30T09:42:39","modified_gmt":"2025-04-30T07:42:39","slug":"billetter","status":"publish","type":"page","link":"https:\/\/helsedatadagen.no\/2025\/billetter\/","title":{"rendered":"Billetter"},"content":{"rendered":"\n<h1>\n\t\tBilletter\n\t<\/h1>\n\t\t\t<a href=\"#problemer\" target=\"_self\" role=\"button\">\n\t\t\t\t\t\t\tProblemer?\n\t\t\t\t\t<\/a>\n\t\t\t<a href=\"#middag\" target=\"_self\" role=\"button\">\n\t\t\t\t\t\t\tMiddag\n\t\t\t\t\t<\/a>\n\t\t\t<a href=\"#refusjon\" target=\"_self\" role=\"button\">\n\t\t\t\t\t\t\tRefusjon\n\t\t\t\t\t<\/a>\n\t<p>Her kan du bestille billetter til Helsedatadagen den 6. mai 2025. Dagskonferansen avholdes p\u00e5 <a href=\"https:\/\/www.osloeventhub.com\/\">Oslo Event Hub<\/a>, Dronningens gate 4, Oslo.<\/p>\n<h2>\n\t\tProblemer?\n\t<\/h2>\n\t<p>Kan du ikke se skjemaet? Pr\u00f8v \u00e5 \u00e5pne det her: <a href=\"https:\/\/event.checkin.no\/109180\/helsedatadagen-2025\" target=\"_blank\" rel=\"noopener\">https:\/\/event.checkin.no\/109180\/helsedatadagen-2025<\/a><\/p>\n<p>Funker det fortsatt ikke kan du pr\u00f8ve \u00e5:<\/p>\n<ul>\n<li>Bruke en annen nettleser.<\/li>\n<li>Pr\u00f8ve via privat telefon eller data.<\/li>\n<li>Koble til et annet nettverk. Det kan hende ditt nettverk har stengt tilgang til billettjenester.<\/li>\n<li>Godta funksjonelle cookies ved \u00e5 trykke \u00e5 p\u00e5 knappen nederst i h\u00f8yre hj\u00f8rne &laquo;cookie settings&raquo;.<\/li>\n<\/ul>\n<p>F\u00e5r du fortsatt problemer eller lurer p\u00e5 noe annet, kontakt\u00a0<a href=\"mailto:helsedatadagen@ehin.no\">helsedatadagen@ehin.no<\/a>.<\/p>\n<h2>\n\t\tKonferansemiddag\n\t<\/h2>\n\t<p>Det blir aperitiff med shuffleboard p\u00e5 <a href=\"https:\/\/www.kullt.no\/\">Kullt<\/a> ved R\u00e5dhusplassen like etter konferansen f\u00f8r veien g\u00e5r videre til <a href=\"https:\/\/oliviarestauranter.no\/restauranter\/aker-brygge\/\">Olivia Aker Brygge<\/a> for konferansemiddagen.<\/p>\n<p>Deltakelse p\u00e5 middagen krever egen billett, som kan kj\u00f8pes sammen med konferansebilletten som et tilleggsvalg etter at deltakerinformasjon er lagt inn. Billetten kan ogs\u00e5 kj\u00f8pes separat, men merk at det da tillegges et ekstra billettgebyr p\u00e5 NOK 100. Ved sp\u00f8rsm\u00e5l ta kontakt med <a href=\"mailto:helsedatadagen@ehin.no\">helsedatadagen@ehin.no<\/a>.<\/p>\n<h2>\n\t\tRefusjon\n\t<\/h2>\n\t<p>Vi refunderer billetter inntil 30 dager etter kj\u00f8p, men ikke mer enn 30 dager f\u00f8r konferansen. Ta kontakt med\u00a0<a href=\"mailto:helsedatadagen@ehin.no\">helsedatadagen@ehin.no<\/a>\u00a0om du har sp\u00f8rsm\u00e5l om eller \u00f8nsker \u00e5 be om refusjon.<\/p>\n\n","protected":false},"excerpt":{"rendered":"<p>Billetter Problemer? Middag Refusjon Her kan du bestille billetter til Helsedatadagen den 6. mai 2025. Dagskonferansen avholdes p\u00e5 Oslo Event Hub, Dronningens gate 4, Oslo. Problemer? Kan du ikke se skjemaet? Pr\u00f8v \u00e5 \u00e5pne det her: https:\/\/event.checkin.no\/109180\/helsedatadagen-2025 Funker det fortsatt ikke kan du pr\u00f8ve \u00e5: Bruke en annen nettleser. Pr\u00f8ve via privat telefon eller data.&hellip;<\/p>\n","protected":false},"author":1,"featured_media":0,"parent":0,"menu_order":0,"comment_status":"closed","ping_status":"closed","template":"","meta":{"_acf_changed":false,"footnotes":""},"class_list":["post-1068","page","type-page","status-publish","hentry"],"acf":[],"_links":{"self":[{"href":"https:\/\/helsedatadagen.no\/2025\/wp-json\/wp\/v2\/pages\/1068","targetHints":{"allow":["GET"]}}],"collection":[{"href":"https:\/\/helsedatadagen.no\/2025\/wp-json\/wp\/v2\/pages"}],"about":[{"href":"https:\/\/helsedatadagen.no\/2025\/wp-json\/wp\/v2\/types\/page"}],"author":[{"embeddable":true,"href":"https:\/\/helsedatadagen.no\/2025\/wp-json\/wp\/v2\/users\/1"}],"replies":[{"embeddable":true,"href":"https:\/\/helsedatadagen.no\/2025\/wp-json\/wp\/v2\/comments?post=1068"}],"version-history":[{"count":2,"href":"https:\/\/helsedatadagen.no\/2025\/wp-json\/wp\/v2\/pages\/1068\/revisions"}],"predecessor-version":[{"id":1475,"href":"https:\/\/helsedatadagen.no\/2025\/wp-json\/wp\/v2\/pages\/1068\/revisions\/1475"}],"wp:attachment":[{"href":"https:\/\/helsedatadagen.no\/2025\/wp-json\/wp\/v2\/media?parent=1068"}],"curies":[{"name":"wp","href":"https:\/\/api.w.org\/{rel}","templated":true}]}}