{"id":966,"date":"2023-12-07T10:17:02","date_gmt":"2023-12-07T09:17:02","guid":{"rendered":"https:\/\/helsedatadagen.no\/2024\/?page_id=966"},"modified":"2024-04-10T11:24:57","modified_gmt":"2024-04-10T09:24:57","slug":"program","status":"publish","type":"page","link":"https:\/\/helsedatadagen.no\/2024\/program\/","title":{"rendered":"Program"},"content":{"rendered":"\n<h1>\n\t\tProgram 2024\n\t<\/h1>\n\t<strong>09:00-10:00<\/strong><br \/>\nScene 1\n<h2>\n\t\t<a href=\"https:\/\/helsedatadagen.no\/2024\/session\/apning-av-helsedatadagen-2024\/\" title=\"Kraften av helsedata - datadeling, kunstig intelligens og samarbeid i helse. Velkommen til Helsedatadagen 2024!\" target=\"_self\" rel=\"noopener\">\n\t\tKraften av helsedata &#8211; datadeling, kunstig intelligens og samarbeid i helse. Velkommen til Helsedatadagen 2024!\n\t\t<\/a>\n\t<\/h2>\n\t<p>Helsedata er fundamentet for stort sett all helseutvikling i dagens samfunn. Men hvem eier dem, hvordan kan de bidra inn i transformasjonen til morgendagens helsesamfunn, og hvilken rolle vil kunstig intelligens spille i samspillet med helsedata? Velkommen til Helsedatadagen hvor vi skal ta dypdykk inn i disse sp\u00f8rsm\u00e5lene.<\/p>\n<p><strong>Speakere:<\/strong><\/p>\n<ul>\n<li><em><a href=\"https:\/\/helsedatadagen.no\/2024\/speaker\/ishita-barua\/\">Ishita Barua<\/a>, Chief Medical Officer, Livv Health<\/em><\/li>\n<li><em><a href=\"https:\/\/helsedatadagen.no\/2024\/speaker\/mariann-hornnes\/\" target=\"_blank\" rel=\"noopener\">Mariann Hornnes<\/a>, Assisterende helsedirekt\u00f8r, Helsedirektoratet<\/em><\/li>\n<li><em><a href=\"https:\/\/helsedatadagen.no\/2024\/speaker\/guri-rortveit\/\" target=\"_blank\" rel=\"noopener\">Guri R\u00f8rtveit<\/a>, Direkt\u00f8r, FHI<\/em><\/li>\n<\/ul>\n<p><strong>Moderator:<\/strong> <a href=\"https:\/\/helsedatadagen.no\/2024\/speaker\/sunniva-balstad\/\">Sunniva Balstad<\/a>, EHiN &amp; <a href=\"https:\/\/helsedatadagen.no\/2024\/speaker\/iselin-holmedal-marstrander\/\">Iselin Holmedal Marstrander<\/a>, EHiN<\/p>\n\t<strong>10:15-10<\/strong><strong>:45<\/strong><br \/>\nScene 1\n<h2>\n\t\t<a href=\"https:\/\/helsedatadagen.no\/2024\/session\/plenum-2\/\" title=\"Hjelp - hvem styrer oss?!\" target=\"_self\" rel=\"noopener\">\n\t\tHjelp &#8211; hvem styrer oss?!\n\t\t<\/a>\n\t<\/h2>\n\t<p>Mens Norge snublet over Helseanalyseplattformen var det en AI-revolusjon &laquo;in the making&raquo;. N\u00e5 har vi som land en eksportsatsing p\u00e5 helsen\u00e6ring, en ny minister for digitalisering, omorganisering av direktorater og institutter, og en helsedatasatsing som er flyttet til store universiteter. Hvordan skal vi n\u00e5 drive innovasjon, hjelpe helseforetak og kommuner med deres utfordringer, og ha god forskning p\u00e5 v\u00e5re helsedata samtidig?<\/p>\n<p>En samtale med statssekret\u00e6r\u00a0<a href=\"https:\/\/helsedatadagen.no\/2024\/speaker\/ellen-ronning-arnesen\/\" target=\"_blank\" rel=\"noopener\">Ellen R\u00f8nning Arnesen<\/a>\u00a0(Ap)<\/p>\n<p><strong>Moderator:<\/strong> <a href=\"https:\/\/helsedatadagen.no\/2024\/speaker\/nard-schreurs\/\">Nard Schreurs<\/a>, EHiN<\/p>\n\t<strong>10:45-11:45<\/strong><br \/>\nScene 1\n<h2>\n\t\t<a href=\"https:\/\/helsedatadagen.no\/2024\/session\/plenum-3\/\" title=\"Health Data in the Tech Revolution - Assessing the Nordic Situation\" target=\"_self\" rel=\"noopener\">\n\t\tHealth Data in the Tech Revolution &#8211; Assessing the Nordic Situation\n\t\t<\/a>\n\t<\/h2>\n\t<p>The challenge associated with health data doesn&#8217;t necessarily lie in their quality, but rather in access and the fact that small nations alone may not have a robust data infrastructure. In this session we broaden our scope, and look to Finland and Estonia, two countries that have progressed further in its development and utilization of health data. How can Norway draw inspiration from Finland and Estonia, and what is needed for us to more effectively leverage our health data? How will the European Health Data Space (EHDS) impact us all?<\/p>\n<strong>The European health data space and preparatory projects<\/strong><br \/>\n<em>v\/<\/em><em><a href=\"https:\/\/helsedatadagen.no\/2024\/speaker\/markus-kalliola\/\">Markus Kalliola<\/a>, Project director, The Finnish innovation fund Sitra, Finland<\/em>\n<b>AI in Nordic Healthcare<\/b><b>: Where we are today and how to accelerate<\/b><br \/>\n<em>v\/<a href=\"https:\/\/helsedatadagen.no\/2024\/speaker\/joona-pylkas\/\" target=\"_blank\" rel=\"noopener\">Joona Pylkaas<\/a>, Head of Data &amp; AI, Tietoevry Care<\/em>\n<strong>Findings and tooling from the Health Sense project to empower secondary use of health data in Estonia<\/strong><br \/>\n<em>v\/<a href=\"https:\/\/helsedatadagen.no\/2024\/speaker\/kristjan-kolde\/\" target=\"_blank\" rel=\"noopener\">Kristjan Kolde<\/a>, Data Warehousing Technical Lead, Health and Welfare Information Systems Centre (TEHIK), Estonia<\/em>\n<p><strong>Moderator:<\/strong> <a href=\"https:\/\/helsedatadagen.no\/2024\/speaker\/nard-schreurs\/\">Nard Schreurs<\/a>, EHiN &amp;\u00a0<a href=\"https:\/\/helsedatadagen.no\/2024\/speaker\/iselin-holmedal-marstrander\/\">Iselin Holmedal Marstrander<\/a>, EHiN<\/p>\n\t<strong>11:45-12:30<\/strong><br \/>\nSal 1\n<h2>\n\t\tLunsj\n\t<\/h2>\n\t<p>Felles lunsj<\/p>\n\t<p><strong>12:30-13:15<\/strong><\/p>\n<h2>\n\t\t<a href=\"https:\/\/helsedatadagen.no\/2024\/session\/sesjon-4a\/\" title=\"N\u00e5r teknologien g\u00e5r raskere enn rammene\" target=\"_self\" rel=\"noopener\">\n\t\tN\u00e5r teknologien g\u00e5r raskere enn rammene\n\t\t<\/a>\n\t<\/h2>\n\t<p><strong>Scene<\/strong><strong>\u00a01<\/strong><\/p>\n<p>Utvikling av ny teknologi g\u00e5r i \u00f8kende grad raskere enn samfunnet klarer \u00e5 endre de regulatoriske rammene rundt. Er det mulig lykkes som start-up slik rammebetingelsene er i dag, og hvordan kan private akt\u00f8rer bryte ned barrierene som st\u00e5r i veien for produksjonssetting og skalering av AI-modeller trent p\u00e5 norske data? N\u00e5r EU presenterer sitt forslag til forordning for kunstig intelligens fra det europeiske parlament, hva vil konsekvensene v\u00e6re for allerede etablert KI i Norge n\u00e5r r\u00e5det er et harmonisert regelverk for kunstig intelligens?<\/p>\n<strong>Veien til et vellykket AI-selskap i helsesektoren<br \/>\n<\/strong><em>v\/<\/em><em><a href=\"https:\/\/helsedatadagen.no\/2024\/speaker\/olav-willumsen-hauga\/\" target=\"_blank\" rel=\"noopener\">Olav Willumsen Haug\u00e5<\/a>, CEO og grunnlegger, Deepinsight<\/em>\n<strong>Hvordan sikre lagring og tilbakehenting av data i fremtiden i en verden hvor teknologien stadig endres<br \/>\n<\/strong><em>v\/<a href=\"https:\/\/helsedatadagen.no\/2024\/speaker\/lars-nakkerud\/\">Lars Nakkerud<\/a>, Sales Executive, Piql<\/em>\n<p><strong>Moderator:<\/strong> <a href=\"https:\/\/helsedatadagen.no\/2024\/speaker\/nard-schreurs\/\">Nard Schreurs<\/a>, EHiN<\/p>\n<h2>\n\t\t<a href=\"https:\/\/helsedatadagen.no\/2024\/session\/sesjon-4b\/\" title=\"Kostnaden av manglende standardiserte helsedata\" target=\"_self\" rel=\"noopener\">\n\t\tKostnaden av manglende standardiserte helsedata\n\t\t<\/a>\n\t<\/h2>\n\t<p><strong>Scene 2<\/strong><\/p>\n<p>Standardisering av helsedata har sin kostnad, men hva er alternativet? Europa standardiserer, og Norge m\u00e5 f\u00f8lge etter. For at vi skal kunne dele data, og utnytte det store potensialet i EHDS, m\u00e5 vi ha felles, standardiserte grunndata.<\/p>\n<p>Vi m\u00e5 legge til rette for bruk av standarder slik at vi lettere kan knytte oss mot deling av data i EHDS, og utnytte standardiseringen i bruk av kunstig intelligens.<\/p>\n<strong>Standarder for utveksling av helsedata i Europa og Norge<\/strong><br \/>\n<em>v\/<a href=\"https:\/\/helsedatadagen.no\/2024\/speaker\/line-andreassen-saele\/\">Line Andreassen S\u00e6le<\/a>, Virksomhetsarkitekt, FHI<\/em>\n<strong>ISO IDMP og FHIR, &#8211; internasjonale standarder for legemiddelgrunndata<\/strong><br \/>\n<em>v\/<a href=\"https:\/\/helsedatadagen.no\/2024\/speaker\/kristine-aasen\/\">Kristine Aasen<\/a>, Virksomhetsarkitekt, Direktoratet for medisinske produkter<\/em>\n<p><strong>Moderator:<\/strong> <a href=\"https:\/\/helsedatadagen.no\/2024\/speaker\/sunniva-balstad\/\">Sunniva Balstad<\/a>, EHiN<\/p>\n\t<p><strong>13:30-14:15<\/strong><\/p>\n<h2>\n\t\t<a href=\"https:\/\/helsedatadagen.no\/2024\/session\/sesjon-5a\/\" title=\"Raskere og mer tidseffektiv behandling med kunstig intelligens\" target=\"_self\" rel=\"noopener\">\n\t\tRaskere og mer tidseffektiv behandling med kunstig intelligens\n\t\t<\/a>\n\t<\/h2>\n\t<p><strong>Scene 1<\/strong><\/p>\n<p>Vestre Viken var f\u00f8rst i landet til \u00e5 ta i bruk kunstig intelligens i helsetjenesten. Deres prosjekt knyttet til radiologi har spart pasienter og klinikere mye tid. Line og Germar forteller om effektene av innf\u00f8ringen av KI og erfaringer de har etter 7 m\u00e5neder i drift.<\/p>\n<p><strong>Speakere:<\/strong><\/p>\n<ul>\n<li><em><a href=\"https:\/\/helsedatadagen.no\/2024\/speaker\/line-tveiten\/\" target=\"_blank\" rel=\"noopener\">Line Tveiten<\/a>, implementeringsleder, Vestre Viken HF<\/em><\/li>\n<li><em><a href=\"https:\/\/helsedatadagen.no\/2024\/speaker\/germar-schneider\/\" target=\"_blank\" rel=\"noopener\">Germar Schneider<\/a>, overlege, Asker og B\u00e6rum Legevakt<\/em><\/li>\n<\/ul>\n<p><strong>Moderator:<\/strong> <a href=\"https:\/\/helsedatadagen.no\/2024\/speaker\/iselin-holmedal-marstrander\/\">Iselin Holmedal Marstrander<\/a>, EHiN<\/p>\n<h2>\n\t\t<a href=\"https:\/\/helsedatadagen.no\/2024\/session\/sesjon-5b\/\" title=\"Sikker tilgang til helsedata p\u00e5 tvers av landegrenser\" target=\"_self\" rel=\"noopener\">\n\t\tSikker tilgang til helsedata p\u00e5 tvers av landegrenser\n\t\t<\/a>\n\t<\/h2>\n\t<p><strong>Scene 2<\/strong><\/p>\n<strong>Arbeidsprosessen fra forslag til regulering i EHDS til utarbeidelse av krav til sikre analyserom<\/strong><br \/>\n<em>v\/<a href=\"https:\/\/helsedatadagen.no\/2024\/speaker\/klara-lundgreen\/\">Klara Lundgren<\/a>, Informasjonssikkerhetsleder for avdeling Helsedata, FHI<\/em>\n<em><strong>Demonstrasjon av den nasjonale metadatakatalogen om helsedatakilder for forskning<\/strong><br \/>\nv\/<a href=\"https:\/\/helsedatadagen.no\/2024\/speaker\/truls-korsgaard\/\">Truls Korsgaard<\/a>, seniorr\u00e5dgiver, FHI<br \/>\n<\/em>\n<p><strong>Moderator:<\/strong> <a href=\"https:\/\/helsedatadagen.no\/2024\/speaker\/sunniva-balstad\/\">Sunniva Balstad<\/a>, EHiN<\/p>\n\t<p><strong>14:30-15:15<\/strong><\/p>\n<h2>\n\t\t<a href=\"https:\/\/helsedatadagen.no\/2024\/session\/sesjon-6a\/\" title=\"Fremtidens muligheter med kunstig intelligens\" target=\"_self\" rel=\"noopener\">\n\t\tFremtidens muligheter med kunstig intelligens\n\t\t<\/a>\n\t<\/h2>\n\t<p><strong>Scene 1<\/strong><\/p>\n<p>Kunne vi ved hjelp av kunstig intelligens forutsett b\u00e5de pandemi og legemiddelmangel? Hvordan ville samfunnet sett ut dersom vi hadde tilgang p\u00e5 samme teknologi og kunnskap som i dag da pandemien br\u00f8t ut for fire \u00e5r siden? Hvordan vil fremtiden preges av kunstig intelligens?<\/p>\n<strong>Kreftforskning og kreftinnovasjon<\/strong><br \/>\n<em>v\/<a href=\"https:\/\/helsedatadagen.no\/2024\/speaker\/ketil-widerberg\/\" target=\"_blank\" rel=\"noopener\">Ketil Widerberg<\/a>, Daglig leder, Oslo Cancer Cluster<\/em>\n<strong>Pasientens journaldokumenter<\/strong><br \/>\n<em>v\/<a href=\"https:\/\/helsedatadagen.no\/2024\/speaker\/anne-kristin-strand\/\">Anne Kristin Strand<\/a>, arkitekt, Sykehuspartner<\/em>\n<p><strong>Moderator:<\/strong> <a href=\"https:\/\/helsedatadagen.no\/2024\/speaker\/hans-jacob-moe\/\">Hans Jacob Moe<\/a>, Business Developer, Tietoevry Care<\/p>\n<h2>\n\t\t<a href=\"https:\/\/helsedatadagen.no\/2024\/session\/sesjon-6b\/\" title=\"Hvordan samarbeide om og utnytte helsedata effektivt og trygt?\" target=\"_self\" rel=\"noopener\">\n\t\tHvordan samarbeide om og utnytte helsedata effektivt og trygt?\n\t\t<\/a>\n\t<\/h2>\n\t<p><strong>Scene 2<\/strong><\/p>\n<p>Det er et stort og udekket behov for l\u00f8sninger som gj\u00f8r det enklere og mer effektivt \u00e5 samarbeide om og dele helsedata mellom klinikere, forskere, industrien og myndigheter. Dette gjelder b\u00e5de prospektive og retrospektive forskningssamarbeid. Det finnes i dag l\u00f8sninger og teknologier som muliggj\u00f8r dette p\u00e5 en god m\u00e5te, og som tilrettelegger for videre utvikling.<\/p>\n<p><strong>Speakere:<\/strong><\/p>\n<ul>\n<li><em><a href=\"https:\/\/helsedatadagen.no\/2024\/speaker\/einar-martin-aandahl\/\" target=\"_blank\" rel=\"noopener\">Einar Martin Aandahl<\/a>, CEO, Ledidi<\/em><\/li>\n<li><em><a href=\"https:\/\/helsedatadagen.no\/2024\/speaker\/joachim-jacobsen\/\" target=\"_blank\" rel=\"noopener\">Joachim Jacobsen<\/a>, Senior Territory Manager Norway and Sweden, AWS<\/em><\/li>\n<\/ul>\n<p><strong>Moderator:<\/strong>\u00a0<a href=\"https:\/\/helsedatadagen.no\/2024\/speaker\/iselin-holmedal-marstrander\/\">Iselin Holmedal Marstrander<\/a>, EHiN<\/p>\n\t<strong>15:30-16:15<\/strong><br \/>\nScene 1\n<h2>\n\t\t<a href=\"https:\/\/helsedatadagen.no\/2024\/session\/avslutning\/\" title=\"Sjakkbrettet revisited\" target=\"_self\" rel=\"noopener\">\n\t\tSjakkbrettet revisited\n\t\t<\/a>\n\t<\/h2>\n\t<p>Riskorn p\u00e5 et sjakkbrett er et ofte brukt begrep for \u00e5 forklare pc-ens styrkevekst. Den eksponentielle \u00f8kningen av regnekraft har n\u00e5 f\u00f8rt oss inn i AI-ens tidsalder. Er gjennombruddet av kunstig intelligens et midlertidig endepunkt av utviklingen, eller starten p\u00e5 en ny og lang teknologiendring som tar pusten av oss. Og hva er farene for den norske velferdsmodellen?<\/p>\n<p>En samtale med <strong>tre eksperter<\/strong> p\u00e5 data:<\/p>\n<ul>\n<li><em><a href=\"https:\/\/helsedatadagen.no\/2024\/speaker\/torgeir-waterhouse\/\" target=\"_blank\" rel=\"noopener\">Torgeir Waterhouse<\/a>, Founder and Partner, Otte<\/em><\/li>\n<li><em><a href=\"https:\/\/helsedatadagen.no\/2024\/speaker\/espen-nakstad\/\" target=\"_blank\" rel=\"noopener\">Espen Nakstad<\/a>, Assisterende helsedirekt\u00f8r, Helsedirektoratet<\/em><\/li>\n<li><em><a href=\"https:\/\/helsedatadagen.no\/2024\/speaker\/hanne-valeur\/\" target=\"_blank\" rel=\"noopener\">Hanne Valeur<\/a>, medisinsk direkt\u00f8r, Tietoevry<\/em><\/li>\n<\/ul>\n<p><strong>Moderator:<\/strong> <a href=\"https:\/\/helsedatadagen.no\/2024\/speaker\/nard-schreurs\/\" target=\"_blank\" rel=\"noopener\">Nard Schreurs<\/a>, EHiN<\/p>\n\n","protected":false},"excerpt":{"rendered":"<p>Program 2024 09:00-10:00 Scene 1 Kraften av helsedata &#8211; datadeling, kunstig intelligens og samarbeid i helse. Velkommen til Helsedatadagen 2024! Helsedata er fundamentet for stort sett all helseutvikling i dagens samfunn. Men hvem eier dem, hvordan kan de bidra inn i transformasjonen til morgendagens helsesamfunn, og hvilken rolle vil kunstig intelligens spille i samspillet med&hellip;<\/p>\n","protected":false},"author":2,"featured_media":0,"parent":0,"menu_order":0,"comment_status":"closed","ping_status":"closed","template":"","meta":{"_acf_changed":false,"footnotes":""},"class_list":["post-966","page","type-page","status-publish","hentry"],"acf":[],"_links":{"self":[{"href":"https:\/\/helsedatadagen.no\/2024\/wp-json\/wp\/v2\/pages\/966","targetHints":{"allow":["GET"]}}],"collection":[{"href":"https:\/\/helsedatadagen.no\/2024\/wp-json\/wp\/v2\/pages"}],"about":[{"href":"https:\/\/helsedatadagen.no\/2024\/wp-json\/wp\/v2\/types\/page"}],"author":[{"embeddable":true,"href":"https:\/\/helsedatadagen.no\/2024\/wp-json\/wp\/v2\/users\/2"}],"replies":[{"embeddable":true,"href":"https:\/\/helsedatadagen.no\/2024\/wp-json\/wp\/v2\/comments?post=966"}],"version-history":[{"count":54,"href":"https:\/\/helsedatadagen.no\/2024\/wp-json\/wp\/v2\/pages\/966\/revisions"}],"predecessor-version":[{"id":1247,"href":"https:\/\/helsedatadagen.no\/2024\/wp-json\/wp\/v2\/pages\/966\/revisions\/1247"}],"wp:attachment":[{"href":"https:\/\/helsedatadagen.no\/2024\/wp-json\/wp\/v2\/media?parent=966"}],"curies":[{"name":"wp","href":"https:\/\/api.w.org\/{rel}","templated":true}]}}