{"id":945,"date":"2023-12-05T13:22:59","date_gmt":"2023-12-05T12:22:59","guid":{"rendered":"https:\/\/helsedatadagen.no\/2024\/?page_id=945"},"modified":"2024-04-15T15:11:45","modified_gmt":"2024-04-15T13:11:45","slug":"hjem","status":"publish","type":"page","link":"https:\/\/helsedatadagen.no\/2024\/","title":{"rendered":"Hjem"},"content":{"rendered":"\n\n\t<h1><!--\n\t-->Helsedatadagen 2024 &#8211;<!--\t--><!--\n\t-->\n\t<\/h1>\n<h3>\n\t\t11. april, Oslo\n\t<\/h3>\n<h3>\n\t\tTusen takk for en fantastisk konferanse &#8211; Husk at alle sesjoner er tilgjengelig digitalt\n\t<\/h3>\n\t\t\t<a href=\"https:\/\/helsedatadagen.no\/2024\/program\/\" target=\"_self\" role=\"button\" rel=\"noopener\">\n\t\t\t\t\t\t\u00c5rets program\n\t\t\t\t\t<\/a>\n\t\t\t<a href=\"https:\/\/helsedatadagen.no\/2024\/om-helsedatadagen\/\" target=\"_self\" role=\"button\" rel=\"noopener\">\n\t\t\t\t\t\tOm Helsedatadagen\n\t\t\t\t\t<\/a>\n\t\t\t<a href=\"https:\/\/app.checkin.no\/event\/68414\/helsedatadagen-2024\" target=\"_blank\" role=\"button\" rel=\"noopener\">\n\t\t\t\t\t\tKj\u00f8p billett\n\t\t\t\t\t<\/a>\n\t\t\t<a href=\"https:\/\/helsedatadagen.no\/2024\/bli-partner\/\" target=\"_self\" role=\"button\" rel=\"noopener\">\n\t\t\t\t\t\tBli partner\n\t\t\t\t\t<\/a>\n\t\t\t\t<img loading=\"lazy\" decoding=\"async\" src=\"https:\/\/helsedatadagen.no\/2024\/wp-content\/uploads\/sites\/4\/2024\/03\/HDD-speaker-banner.png\" alt=\"Fra venstre: Ellen R\u00f8nning-Arnesen (foto: Esten Borgos), Espen Nakstad (foto: Helsedirektoratet \/ Thomas Koonce), Ishita Barua (foto: Anna-Julia Granberg), Torgeir Waterhouse (foto: Hans Kristian Thorbj\u00f8rnsen)\" itemprop=\"image\" height=\"537\" width=\"1841\" title=\"HDD speaker-banner\" onerror=\"this.style.display='none'\"  \/>\n\t\t\t\t\t\tFra venstre: Ellen R\u00f8nning-Arnesen (foto: Esten Borgos), Espen Nakstad (foto: Helsedirektoratet \/ Thomas Koonce), Ishita Barua (foto: Anna-Julia Granberg), Torgeir Waterhouse (foto: Hans Kristian Thorbj\u00f8rnsen)\n\t\t\t\t<a href=\"https:\/\/ehin.no\/artikler\/guri-rortveit-styrking-av-norsk-helsedata\/\" target=\"_self\" itemprop=\"url\" rel=\"noopener\">\n\t\t\t\t<img loading=\"lazy\" decoding=\"async\" src=\"https:\/\/helsedatadagen.no\/2024\/wp-content\/uploads\/sites\/4\/2024\/03\/Guri_Rortveit_-_Foto_Amanda_Schei-removebg-preview-1.png\" alt=\"Guri R\u00f8rtveit - Foto: Amanda Schei\" itemprop=\"image\" height=\"384\" width=\"331\" title=\"Guri_R\u00f8rtveit_-_Foto_Amanda_Schei\" onerror=\"this.style.display='none'\"  \/>\n\t\t\t\t<\/a>\n\t\t\t\t\t\tGuri R\u00f8rtveit &#8211; Foto: Amanda Schei\n\t\t\t<a href=\"https:\/\/ehin.no\/artikler\/guri-rortveit-styrking-av-norsk-helsedata\/\" target=\"_self\" role=\"button\" rel=\"noopener\">\n\t\t\t\t\t\t\tEksklusivt intervju med Guri R\u00f8rtveit\n\t\t\t<\/a>\n\t<h2>&laquo;Jeg er opptatt av at de gode helsedataene vi har i Norge i st\u00f8rre grad skal komme i bruk.&raquo;<\/h2>\n<em><strong>Guri R\u00f8rtveit<\/strong><\/em><br \/>\n<em>Direkt\u00f8r i Folkehelseinstituttet<\/em>\n\t<h2>&laquo;Manglende utnyttelse og deling av helsedata koster oss mer enn bare tapte fremskritt; det er en forspilt sjanse til \u00e5 forbedre helseutfall&raquo;<\/h2>\n<em><strong>Ishita Barua<\/strong><\/em><br \/>\n<em>Chief Medical Officer, Livv, PhD AI Medicine<\/em>\n\t\t\t<a href=\"https:\/\/helsedatadagen.no\/2024\/program\/\" target=\"_self\" role=\"button\" rel=\"noopener\">\n\t\t\t\t\t\t\tFaglig ekspertise\n\t\t\t<\/a>\n\t\t\t\t<img loading=\"lazy\" decoding=\"async\" src=\"https:\/\/helsedatadagen.no\/2024\/wp-content\/uploads\/sites\/4\/2024\/02\/Ishita-Barua-foto-Anna-Julia-Granberg.png\" alt=\"Ishita Barua - Foto: Anna-Julia Granberg\" itemprop=\"image\" height=\"822\" width=\"800\" title=\"Ishita Barua\" onerror=\"this.style.display='none'\"  \/>\n\t\t\t\t\t\tIshita Barua &#8211; Foto: Anna-Julia Granberg\n\t\t\t<a href=\"https:\/\/helsedatadagen.no\/2024\/speakere\/\" target=\"_self\" role=\"button\" rel=\"noopener\">\n\t\t\t\t\t\tSe alle \u00e5rets speakere\n\t\t\t\t\t<\/a>\n\t\t<a href=\"https:\/\/helsedatadagen.no\/2024\/speaker\/torgeir-waterhouse\/\" target=\"_self\" aria-label=\"Post Element\" rel=\"noopener\"><\/a>\t\t\n\t\t\t\t\t\t\t\t\t\t\t\t\t\t<a href=\"https:\/\/helsedatadagen.no\/2024\/speaker\/torgeir-waterhouse\/\" target=\"_self\" title=\"Torgeir Waterhouse\" rel=\"noopener\">\n\t\t\t\t<img decoding=\"async\" src=\"https:\/\/helsedatadagen.no\/2024\/wp-content\/uploads\/sites\/4\/2024\/02\/OTTE-foto-Hans-Kristian-Thorbjornsen-1366-kvadrat-modified.png\" alt=\"\" \/>\n\t\t\t\t<\/a>\n\t\t\t\t\t\t<h3>\n\t\t\t\t<a href=https:\/\/helsedatadagen.no\/2024\/speaker\/torgeir-waterhouse\/ title=\"Torgeir Waterhouse\" tabindex=\"0\">Torgeir Waterhouse<\/a>\t\t\t<\/h3>\n\t\t<a href=\"https:\/\/helsedatadagen.no\/2024\/speaker\/einar-martin-aandahl\/\" target=\"_self\" aria-label=\"Post Element\" rel=\"noopener\"><\/a>\t\t\n\t\t\t\t\t\t\t\t\t\t\t\t\t\t<a href=\"https:\/\/helsedatadagen.no\/2024\/speaker\/einar-martin-aandahl\/\" target=\"_self\" title=\"Einar Martin Aandahl\" rel=\"noopener\">\n\t\t\t\t<img decoding=\"async\" src=\"https:\/\/helsedatadagen.no\/2024\/wp-content\/uploads\/sites\/4\/2024\/03\/Einar-Martin-Aandahl-1.png\" alt=\"\" \/>\n\t\t\t\t<\/a>\n\t\t\t\t\t\t<h3>\n\t\t\t\t<a href=https:\/\/helsedatadagen.no\/2024\/speaker\/einar-martin-aandahl\/ title=\"Einar Martin Aandahl\" tabindex=\"0\">Einar Martin Aandahl<\/a>\t\t\t<\/h3>\n\t\t<a href=\"https:\/\/helsedatadagen.no\/2024\/speaker\/mariann-hornnes\/\" target=\"_self\" aria-label=\"Post Element\" rel=\"noopener\"><\/a>\t\t\n\t\t\t\t\t\t\t\t\t\t\t\t\t\t<a href=\"https:\/\/helsedatadagen.no\/2024\/speaker\/mariann-hornnes\/\" target=\"_self\" title=\"Mariann Hornnes\" rel=\"noopener\">\n\t\t\t\t<img decoding=\"async\" src=\"https:\/\/helsedatadagen.no\/2024\/wp-content\/uploads\/sites\/4\/2024\/02\/Mariann-Hornnes-2-modified.png\" alt=\"\" \/>\n\t\t\t\t<\/a>\n\t\t\t\t\t\t<h3>\n\t\t\t\t<a href=https:\/\/helsedatadagen.no\/2024\/speaker\/mariann-hornnes\/ title=\"Mariann Hornnes\" tabindex=\"0\">Mariann Hornnes<\/a>\t\t\t<\/h3>\n\t\t<a href=\"https:\/\/helsedatadagen.no\/2024\/speaker\/lars-nakkerud\/\" target=\"_self\" aria-label=\"Post Element\" rel=\"noopener\"><\/a>\t\t\n\t\t\t\t\t\t\t\t\t\t\t\t\t\t<a href=\"https:\/\/helsedatadagen.no\/2024\/speaker\/lars-nakkerud\/\" target=\"_self\" title=\"Lars Nakkerud\" rel=\"noopener\">\n\t\t\t\t<img decoding=\"async\" src=\"https:\/\/helsedatadagen.no\/2024\/wp-content\/uploads\/sites\/4\/2024\/04\/Lars-Nakkerud-CV-bilde-modified.png\" alt=\"\" \/>\n\t\t\t\t<\/a>\n\t\t\t\t\t\t<h3>\n\t\t\t\t<a href=https:\/\/helsedatadagen.no\/2024\/speaker\/lars-nakkerud\/ title=\"Lars Nakkerud\" tabindex=\"0\">Lars Nakkerud<\/a>\t\t\t<\/h3>\n\t\t<a href=\"https:\/\/helsedatadagen.no\/2024\/speaker\/markus-kalliola\/\" target=\"_self\" aria-label=\"Post Element\" rel=\"noopener\"><\/a>\t\t\n\t\t\t\t\t\t\t\t\t\t\t\t\t\t<a href=\"https:\/\/helsedatadagen.no\/2024\/speaker\/markus-kalliola\/\" target=\"_self\" title=\"Markus Kalliola\" rel=\"noopener\">\n\t\t\t\t<img decoding=\"async\" src=\"https:\/\/helsedatadagen.no\/2024\/wp-content\/uploads\/sites\/4\/2024\/02\/Markus-Kalliola.png\" alt=\"\" \/>\n\t\t\t\t<\/a>\n\t\t\t\t\t\t<h3>\n\t\t\t\t<a href=https:\/\/helsedatadagen.no\/2024\/speaker\/markus-kalliola\/ title=\"Markus Kalliola\" tabindex=\"0\">Markus Kalliola<\/a>\t\t\t<\/h3>\n\t\t<a href=\"https:\/\/helsedatadagen.no\/2024\/speaker\/truls-korsgaard\/\" target=\"_self\" aria-label=\"Post Element\" rel=\"noopener\"><\/a>\t\t\n\t\t\t\t\t\t\t\t\t\t\t\t\t\t<a href=\"https:\/\/helsedatadagen.no\/2024\/speaker\/truls-korsgaard\/\" target=\"_self\" title=\"Truls Korsgaard\" rel=\"noopener\">\n\t\t\t\t<img decoding=\"async\" src=\"https:\/\/helsedatadagen.no\/2024\/wp-content\/uploads\/sites\/4\/2024\/03\/truls-korsgaard-modified-2.png\" alt=\"\" \/>\n\t\t\t\t<\/a>\n\t\t\t\t\t\t<h3>\n\t\t\t\t<a href=https:\/\/helsedatadagen.no\/2024\/speaker\/truls-korsgaard\/ title=\"Truls Korsgaard\" tabindex=\"0\">Truls Korsgaard<\/a>\t\t\t<\/h3>\n\t\t<a href=\"https:\/\/helsedatadagen.no\/2024\/speaker\/ellen-ronning-arnesen\/\" target=\"_self\" aria-label=\"Post Element\" rel=\"noopener\"><\/a>\t\t\n\t\t\t\t\t\t\t\t\t\t\t\t\t\t<a href=\"https:\/\/helsedatadagen.no\/2024\/speaker\/ellen-ronning-arnesen\/\" target=\"_self\" title=\"Ellen R\u00f8nning-Arnesen\" rel=\"noopener\">\n\t\t\t\t<img decoding=\"async\" src=\"https:\/\/helsedatadagen.no\/2024\/wp-content\/uploads\/sites\/4\/2024\/02\/Ellen-Ronning-Arnesen-1-1.png\" alt=\"\" \/>\n\t\t\t\t<\/a>\n\t\t\t\t\t\t<h3>\n\t\t\t\t<a href=https:\/\/helsedatadagen.no\/2024\/speaker\/ellen-ronning-arnesen\/ title=\"Ellen R\u00f8nning-Arnesen\" tabindex=\"0\">Ellen R\u00f8nning-Arnesen<\/a>\t\t\t<\/h3>\n\t\t<a href=\"https:\/\/helsedatadagen.no\/2024\/speaker\/espen-nakstad\/\" target=\"_self\" aria-label=\"Post Element\" rel=\"noopener\"><\/a>\t\t\n\t\t\t\t\t\t\t\t\t\t\t\t\t\t<a href=\"https:\/\/helsedatadagen.no\/2024\/speaker\/espen-nakstad\/\" target=\"_self\" title=\"Espen Nakstad\" rel=\"noopener\">\n\t\t\t\t<img decoding=\"async\" src=\"https:\/\/helsedatadagen.no\/2024\/wp-content\/uploads\/sites\/4\/2024\/02\/Espen-Nakstad-\u00a9-Helsedirektoratet-ThomasKoonce-modified.png\" alt=\"\" \/>\n\t\t\t\t<\/a>\n\t\t\t\t\t\t<h3>\n\t\t\t\t<a href=https:\/\/helsedatadagen.no\/2024\/speaker\/espen-nakstad\/ title=\"Espen Nakstad\" tabindex=\"0\">Espen Nakstad<\/a>\t\t\t<\/h3>\n\t\t<a href=\"https:\/\/helsedatadagen.no\/2024\/speaker\/line-andreassen-saele\/\" target=\"_self\" aria-label=\"Post Element\" rel=\"noopener\"><\/a>\t\t\n\t\t\t\t\t\t\t\t\t\t\t\t\t\t<a href=\"https:\/\/helsedatadagen.no\/2024\/speaker\/line-andreassen-saele\/\" target=\"_self\" title=\"Line Andreassen S\u00e6le\" rel=\"noopener\">\n\t\t\t\t<img decoding=\"async\" src=\"https:\/\/helsedatadagen.no\/2024\/wp-content\/uploads\/sites\/4\/2024\/04\/Line-A.-Saele-modified.png\" alt=\"\" \/>\n\t\t\t\t<\/a>\n\t\t\t\t\t\t<h3>\n\t\t\t\t<a href=https:\/\/helsedatadagen.no\/2024\/speaker\/line-andreassen-saele\/ title=\"Line Andreassen S\u00e6le\" tabindex=\"0\">Line Andreassen S\u00e6le<\/a>\t\t\t<\/h3>\n\t\t<a href=\"https:\/\/helsedatadagen.no\/2024\/speaker\/germar-schneider\/\" target=\"_self\" aria-label=\"Post Element\" rel=\"noopener\"><\/a>\t\t\n\t\t\t\t\t\t\t\t\t\t\t\t\t\t<a href=\"https:\/\/helsedatadagen.no\/2024\/speaker\/germar-schneider\/\" target=\"_self\" title=\"Germar Schneider\" rel=\"noopener\">\n\t\t\t\t<img decoding=\"async\" src=\"https:\/\/helsedatadagen.no\/2024\/wp-content\/uploads\/sites\/4\/2024\/02\/IMG_9158-modified.png\" alt=\"\" \/>\n\t\t\t\t<\/a>\n\t\t\t\t\t\t<h3>\n\t\t\t\t<a href=https:\/\/helsedatadagen.no\/2024\/speaker\/germar-schneider\/ title=\"Germar Schneider\" tabindex=\"0\">Germar Schneider<\/a>\t\t\t<\/h3>\n\t\t<a href=\"https:\/\/helsedatadagen.no\/2024\/speaker\/hanne-valeur\/\" target=\"_self\" aria-label=\"Post Element\" rel=\"noopener\"><\/a>\t\t\n\t\t\t\t\t\t\t\t\t\t\t\t\t\t<a href=\"https:\/\/helsedatadagen.no\/2024\/speaker\/hanne-valeur\/\" target=\"_self\" title=\"Hanne Valeur\" rel=\"noopener\">\n\t\t\t\t<img decoding=\"async\" src=\"https:\/\/helsedatadagen.no\/2024\/wp-content\/uploads\/sites\/4\/2024\/02\/Hanne-Valeur-1-modified.png\" alt=\"\" \/>\n\t\t\t\t<\/a>\n\t\t\t\t\t\t<h3>\n\t\t\t\t<a href=https:\/\/helsedatadagen.no\/2024\/speaker\/hanne-valeur\/ title=\"Hanne Valeur\" tabindex=\"0\">Hanne Valeur<\/a>\t\t\t<\/h3>\n\t\t<a href=\"https:\/\/helsedatadagen.no\/2024\/speaker\/joona-pylkas\/\" target=\"_self\" aria-label=\"Post Element\" rel=\"noopener\"><\/a>\t\t\n\t\t\t\t\t\t\t\t\t\t\t\t\t\t<a href=\"https:\/\/helsedatadagen.no\/2024\/speaker\/joona-pylkas\/\" target=\"_self\" title=\"Joona Pylk\u00e4s\" rel=\"noopener\">\n\t\t\t\t<img decoding=\"async\" src=\"https:\/\/helsedatadagen.no\/2024\/wp-content\/uploads\/sites\/4\/2024\/02\/Joona_Pylkas_4-modified.png\" alt=\"\" \/>\n\t\t\t\t<\/a>\n\t\t\t\t\t\t<h3>\n\t\t\t\t<a href=https:\/\/helsedatadagen.no\/2024\/speaker\/joona-pylkas\/ title=\"Joona Pylk\u00e4s\" tabindex=\"0\">Joona Pylk\u00e4s<\/a>\t\t\t<\/h3>\n<h1>\n\t\tHvorfor delta p\u00e5 Helsedatadagen 2024?\n\t<\/h1>\n\t<p>For tredje gang samler EHiN bransjen for <strong>\u00e5 diskutere helsedata<\/strong>.<\/p>\n<p>Helsedata utgj\u00f8r en viktig byggestein i helsevesenet, og er et fundamentalt grunnlag for <strong>helseinnovasjon, forskning og utvikling<\/strong>.<\/p>\n<p>EHiN inviterer deg til \u00e5 delta p\u00e5 Helsedatadagen hvor vi vil utforske \u00e5rets tema, og diskutere tematikk som utfordrer b\u00e5de <strong>etiske og juridiske prinsipper<\/strong> i en tidsalder preget av kunstig intelligens og teknologiske fremskritt.<\/p>\n<h1>\n\t\tEn m\u00f8teplass for kunnskap og samtale\n\t<\/h1>\n\t<p>Helsedata er essensielt for fremtidens helsevesen, men bruk og utvinning har vist seg \u00e5 v\u00e6re utfordrende. Vi st\u00e5r overfor regulatoriske hindringer samtidig som teknologier stadig blir mer banebrytende. Hvordan skal Norge navigere i dette landskapet, kontrollere v\u00e5re helsedata samtidig som vi omfavner den teknologiske helserevolusjonen?<\/p>\n<p>Helsedatadagen gir anledning til \u00e5:<\/p>\n<ul>\n<li>Utforske mulighetene innen helsedata, interoperabilitet og kunstig intelligens<\/li>\n<li>Helsedata knyttet til nordisk samarbeid for \u00e5 styrke v\u00e5r posisjon i den digitale helsen\u00e6ringen<\/li>\n<li>L\u00e6re av spennende faglige innlegg og panelsamtaler fra b\u00e5de offentlig sektor og privat n\u00e6ringsliv<\/li>\n<\/ul>\n<h1>\n\t\t\u00c5rets partnere:\n\t<\/h1>\n\t\t\t<a href=\"https:\/\/helsedatadagen.no\/2024\/bli-partner\/\" target=\"_self\" role=\"button\" rel=\"noopener\">\n\t\t\t\t\t\t\tBli partner\n\t\t\t<\/a>\n\t\t<a href=\"https:\/\/helsedatadagen.no\/2024\/sponsor\/aws\/\" target=\"_self\" aria-label=\"Post Element\" rel=\"noopener\"><\/a>\t\t\n\t<meta itemscope itemprop=\"mainEntityOfPage\" itemtype=\"https:\/\/schema.org\/WebPage\" itemid=\"https:\/\/helsedatadagen.no\/2024\/sponsor\/aws\/\" content=\"Amazon Web Services\" \/><meta itemprop=\"datePublished\" content=\"2024-02-29\" \/><meta itemprop=\"dateModified\" content=\"2024-02-29\" \/><meta itemprop=\"name\" content=\"Helsedatadagen 2024\"\/><meta itemprop=\"url\" content=\"https:\/\/helsedatadagen.no\/2024\/author\/christian\/\" \/><meta itemprop=\"name\" content=\"Christian Andersen\" \/><meta itemprop=\"url\" content=\"https:\/\/helsedatadagen.no\/2024\/wp-content\/uploads\/sites\/4\/2024\/02\/AWS-1.jpg\" \/><meta itemprop=\"width\" content=\"1920\" \/><meta itemprop=\"height\" content=\"1080\" \/><meta itemprop=\"interactionType\" content=\"https:\/\/schema.org\/CommentAction\" \/><meta itemprop=\"userInteractionCount\" content=\"0\" \/>\n    \t\t\t\t\t\t<a href='https:\/\/helsedatadagen.no\/2024\/sponsor\/aws\/' title='Amazon Web Services'><img width=\"1024\" height=\"576\" src=\"https:\/\/helsedatadagen.no\/2024\/wp-content\/uploads\/sites\/4\/2024\/02\/AWS-1-1024x576.jpg\" alt=\"\" itemprop=\"image\" decoding=\"async\" loading=\"lazy\" srcset=\"https:\/\/helsedatadagen.no\/2024\/wp-content\/uploads\/sites\/4\/2024\/02\/AWS-1-1024x576.jpg 1024w, https:\/\/helsedatadagen.no\/2024\/wp-content\/uploads\/sites\/4\/2024\/02\/AWS-1-300x169.jpg 300w, https:\/\/helsedatadagen.no\/2024\/wp-content\/uploads\/sites\/4\/2024\/02\/AWS-1-768x432.jpg 768w, https:\/\/helsedatadagen.no\/2024\/wp-content\/uploads\/sites\/4\/2024\/02\/AWS-1-1536x864.jpg 1536w, https:\/\/helsedatadagen.no\/2024\/wp-content\/uploads\/sites\/4\/2024\/02\/AWS-1.jpg 1920w\" sizes=\"auto, (max-width: 1024px) 100vw, 1024px\" \/><\/a>\n\t\t<a href=\"https:\/\/helsedatadagen.no\/2024\/sponsor\/deepinsight\/\" target=\"_self\" aria-label=\"Post Element\" rel=\"noopener\"><\/a>\t\t\n\t<meta itemscope itemprop=\"mainEntityOfPage\" itemtype=\"https:\/\/schema.org\/WebPage\" itemid=\"https:\/\/helsedatadagen.no\/2024\/sponsor\/deepinsight\/\" content=\"DeepInsight\" \/><meta itemprop=\"datePublished\" content=\"2024-03-06\" \/><meta itemprop=\"dateModified\" content=\"2024-03-06\" \/><meta itemprop=\"name\" content=\"Helsedatadagen 2024\"\/><meta itemprop=\"url\" content=\"https:\/\/helsedatadagen.no\/2024\/author\/christian\/\" \/><meta itemprop=\"name\" content=\"Christian Andersen\" \/><meta itemprop=\"url\" content=\"https:\/\/helsedatadagen.no\/2024\/wp-content\/uploads\/sites\/4\/2024\/03\/DeepInsight.jpg\" \/><meta itemprop=\"width\" content=\"1024\" \/><meta itemprop=\"height\" content=\"576\" \/><meta itemprop=\"interactionType\" content=\"https:\/\/schema.org\/CommentAction\" \/><meta itemprop=\"userInteractionCount\" content=\"0\" \/>\n    \t\t\t\t\t\t<a href='https:\/\/helsedatadagen.no\/2024\/sponsor\/deepinsight\/' title='DeepInsight'><img width=\"1024\" height=\"576\" src=\"https:\/\/helsedatadagen.no\/2024\/wp-content\/uploads\/sites\/4\/2024\/03\/DeepInsight.jpg\" alt=\"\" itemprop=\"image\" decoding=\"async\" loading=\"lazy\" srcset=\"https:\/\/helsedatadagen.no\/2024\/wp-content\/uploads\/sites\/4\/2024\/03\/DeepInsight.jpg 1024w, https:\/\/helsedatadagen.no\/2024\/wp-content\/uploads\/sites\/4\/2024\/03\/DeepInsight-300x169.jpg 300w, https:\/\/helsedatadagen.no\/2024\/wp-content\/uploads\/sites\/4\/2024\/03\/DeepInsight-768x432.jpg 768w\" sizes=\"auto, (max-width: 1024px) 100vw, 1024px\" \/><\/a>\n\t\t<a href=\"https:\/\/helsedatadagen.no\/2024\/sponsor\/occ\/\" target=\"_self\" aria-label=\"Post Element\" rel=\"noopener\"><\/a>\t\t\n\t<meta itemscope itemprop=\"mainEntityOfPage\" itemtype=\"https:\/\/schema.org\/WebPage\" itemid=\"https:\/\/helsedatadagen.no\/2024\/sponsor\/occ\/\" content=\"Oslo Cancer Cluster\" \/><meta itemprop=\"datePublished\" content=\"2024-02-29\" \/><meta itemprop=\"dateModified\" content=\"2024-02-29\" \/><meta itemprop=\"name\" content=\"Helsedatadagen 2024\"\/><meta itemprop=\"url\" content=\"https:\/\/helsedatadagen.no\/2024\/author\/christian\/\" \/><meta itemprop=\"name\" content=\"Christian Andersen\" \/><meta itemprop=\"url\" content=\"https:\/\/helsedatadagen.no\/2024\/wp-content\/uploads\/sites\/4\/2024\/02\/OCC.jpg\" \/><meta itemprop=\"width\" content=\"1920\" \/><meta itemprop=\"height\" content=\"1080\" \/><meta itemprop=\"interactionType\" content=\"https:\/\/schema.org\/CommentAction\" \/><meta itemprop=\"userInteractionCount\" content=\"0\" \/>\n    \t\t\t\t\t\t<a href='https:\/\/helsedatadagen.no\/2024\/sponsor\/occ\/' title='Oslo Cancer Cluster'><img width=\"1024\" height=\"576\" src=\"https:\/\/helsedatadagen.no\/2024\/wp-content\/uploads\/sites\/4\/2024\/02\/OCC-1024x576.jpg\" alt=\"\" itemprop=\"image\" decoding=\"async\" loading=\"lazy\" srcset=\"https:\/\/helsedatadagen.no\/2024\/wp-content\/uploads\/sites\/4\/2024\/02\/OCC-1024x576.jpg 1024w, https:\/\/helsedatadagen.no\/2024\/wp-content\/uploads\/sites\/4\/2024\/02\/OCC-300x169.jpg 300w, https:\/\/helsedatadagen.no\/2024\/wp-content\/uploads\/sites\/4\/2024\/02\/OCC-768x432.jpg 768w, https:\/\/helsedatadagen.no\/2024\/wp-content\/uploads\/sites\/4\/2024\/02\/OCC-1536x864.jpg 1536w, https:\/\/helsedatadagen.no\/2024\/wp-content\/uploads\/sites\/4\/2024\/02\/OCC.jpg 1920w\" sizes=\"auto, (max-width: 1024px) 100vw, 1024px\" \/><\/a>\n\t\t<a href=\"https:\/\/helsedatadagen.no\/2024\/sponsor\/tietoevry\/\" target=\"_self\" aria-label=\"Post Element\" rel=\"noopener\"><\/a>\t\t\n\t<meta itemscope itemprop=\"mainEntityOfPage\" itemtype=\"https:\/\/schema.org\/WebPage\" itemid=\"https:\/\/helsedatadagen.no\/2024\/sponsor\/tietoevry\/\" content=\"Tietoevry\" \/><meta itemprop=\"datePublished\" content=\"2024-02-29\" \/><meta itemprop=\"dateModified\" content=\"2024-02-29\" \/><meta itemprop=\"name\" content=\"Helsedatadagen 2024\"\/><meta itemprop=\"url\" content=\"https:\/\/helsedatadagen.no\/2024\/author\/christian\/\" \/><meta itemprop=\"name\" content=\"Christian Andersen\" \/><meta itemprop=\"url\" content=\"https:\/\/helsedatadagen.no\/2024\/wp-content\/uploads\/sites\/4\/2024\/01\/TietoEvry.jpg\" \/><meta itemprop=\"width\" content=\"1920\" \/><meta itemprop=\"height\" content=\"1080\" \/><meta itemprop=\"interactionType\" content=\"https:\/\/schema.org\/CommentAction\" \/><meta itemprop=\"userInteractionCount\" content=\"0\" \/>\n    \t\t\t\t\t\t<a href='https:\/\/helsedatadagen.no\/2024\/sponsor\/tietoevry\/' title='Tietoevry'><img width=\"1024\" height=\"576\" src=\"https:\/\/helsedatadagen.no\/2024\/wp-content\/uploads\/sites\/4\/2024\/01\/TietoEvry-1024x576.jpg\" alt=\"\" itemprop=\"image\" decoding=\"async\" loading=\"lazy\" srcset=\"https:\/\/helsedatadagen.no\/2024\/wp-content\/uploads\/sites\/4\/2024\/01\/TietoEvry-1024x576.jpg 1024w, https:\/\/helsedatadagen.no\/2024\/wp-content\/uploads\/sites\/4\/2024\/01\/TietoEvry-300x169.jpg 300w, https:\/\/helsedatadagen.no\/2024\/wp-content\/uploads\/sites\/4\/2024\/01\/TietoEvry-768x432.jpg 768w, https:\/\/helsedatadagen.no\/2024\/wp-content\/uploads\/sites\/4\/2024\/01\/TietoEvry-1536x864.jpg 1536w, https:\/\/helsedatadagen.no\/2024\/wp-content\/uploads\/sites\/4\/2024\/01\/TietoEvry.jpg 1920w\" sizes=\"auto, (max-width: 1024px) 100vw, 1024px\" \/><\/a>\n\n","protected":false},"excerpt":{"rendered":"<p>Helsedatadagen 2024 &#8211; 11. april, Oslo Tusen takk for en fantastisk konferanse &#8211; Husk at alle sesjoner er tilgjengelig digitalt \u00c5rets program Om Helsedatadagen Kj\u00f8p billett Bli partner Fra venstre: Ellen R\u00f8nning-Arnesen (foto: Esten Borgos), Espen Nakstad (foto: Helsedirektoratet \/ Thomas Koonce), Ishita Barua (foto: Anna-Julia Granberg), Torgeir Waterhouse (foto: Hans Kristian Thorbj\u00f8rnsen) Guri R\u00f8rtveit&hellip;<\/p>\n","protected":false},"author":1,"featured_media":0,"parent":0,"menu_order":0,"comment_status":"closed","ping_status":"closed","template":"","meta":{"_acf_changed":false,"footnotes":""},"class_list":["post-945","page","type-page","status-publish","hentry"],"acf":[],"_links":{"self":[{"href":"https:\/\/helsedatadagen.no\/2024\/wp-json\/wp\/v2\/pages\/945","targetHints":{"allow":["GET"]}}],"collection":[{"href":"https:\/\/helsedatadagen.no\/2024\/wp-json\/wp\/v2\/pages"}],"about":[{"href":"https:\/\/helsedatadagen.no\/2024\/wp-json\/wp\/v2\/types\/page"}],"author":[{"embeddable":true,"href":"https:\/\/helsedatadagen.no\/2024\/wp-json\/wp\/v2\/users\/1"}],"replies":[{"embeddable":true,"href":"https:\/\/helsedatadagen.no\/2024\/wp-json\/wp\/v2\/comments?post=945"}],"version-history":[{"count":36,"href":"https:\/\/helsedatadagen.no\/2024\/wp-json\/wp\/v2\/pages\/945\/revisions"}],"predecessor-version":[{"id":1249,"href":"https:\/\/helsedatadagen.no\/2024\/wp-json\/wp\/v2\/pages\/945\/revisions\/1249"}],"wp:attachment":[{"href":"https:\/\/helsedatadagen.no\/2024\/wp-json\/wp\/v2\/media?parent=945"}],"curies":[{"name":"wp","href":"https:\/\/api.w.org\/{rel}","templated":true}]}}