{"id":1004,"date":"2023-12-07T15:47:43","date_gmt":"2023-12-07T14:47:43","guid":{"rendered":"https:\/\/helsedatadagen.no\/2024\/?page_id=1004"},"modified":"2023-12-08T15:09:28","modified_gmt":"2023-12-08T14:09:28","slug":"om-helsedatadagen","status":"publish","type":"page","link":"https:\/\/helsedatadagen.no\/2024\/om-helsedatadagen\/","title":{"rendered":"Om Helsedatadagen"},"content":{"rendered":"\n<h1>\n\t\tOm Helsedatadagen\n\t<\/h1>\n\t<p>Helsedata er essensielt for fremtidens helsevesen, men bruk og utvinning har vist seg \u00e5 v\u00e6re utfordrende. Vi st\u00e5r overfor regulatoriske hindringer samtidig som teknologier stadig blir mer banebrytende. Hvordan skal Norge navigere i dette landskapet, kontrollere v\u00e5re helsedata samtidig som vi omfavner den teknologiske helserevolusjonen?<\/p>\n<p>Helsedatadagen gir anledning til \u00e5:<\/p>\n<ul>\n<li>Utforske mulighetene innen helsedata, interoperabilitet og kunstig intelligens<\/li>\n<li>Helsedata knyttet til nordisk samarbeid for \u00e5 styrke v\u00e5r posisjon i den digitale helsen\u00e6ringen<\/li>\n<li>L\u00e6re av spennende faglige innlegg og panelsamtaler fra b\u00e5de offentlig sektor og privat n\u00e6ringsliv<\/li>\n<\/ul>\n<p>&nbsp;<\/p>\n<p><strong>Hvem kommer til Helsedatadagen?<\/strong><\/p>\n<p>Her kan du m\u00f8te ulike akt\u00f8rer innen helsedata, b\u00e5de fra offentlig og privat sektor, med bakgrunn fra b\u00e5de jus, forskning, politikk og IT.<\/p>\n<p>&nbsp;<\/p>\n<p><strong>Hva skjer p\u00e5 Helsedatadagen?<\/strong><\/p>\n<p>P\u00e5 Helsedatadagen vil det v\u00e6re flere relevante og interessante faglige foredrag og panelsamtaler, b\u00e5de i plenum og i mindre sesjoner.<\/p>\nI tillegg vil du m\u00f8te spennende utstillere i mingleomr\u00e5dene.<br \/>\nOm du \u00f8nsker kan du fortsette samtalen over middag etter endt konferansedag.\n<p>&nbsp;<\/p>\n<p>Se alt om fjor\u00e5rets konferanse her:\u00a0<a href=\"https:\/\/helsedatadagen.no\/2023\/\">Helsedatadagen 2023<\/a><\/p>\n<p>Bes\u00f8k oss ogs\u00e5 p\u00e5\u00a0<a href=\"http:\/\/ehin.no\/\">ehin.no<\/a><\/p>\n\n","protected":false},"excerpt":{"rendered":"<p>Om Helsedatadagen Helsedata er essensielt for fremtidens helsevesen, men bruk og utvinning har vist seg \u00e5 v\u00e6re utfordrende. Vi st\u00e5r overfor regulatoriske hindringer samtidig som teknologier stadig blir mer banebrytende. Hvordan skal Norge navigere i dette landskapet, kontrollere v\u00e5re helsedata samtidig som vi omfavner den teknologiske helserevolusjonen? Helsedatadagen gir anledning til \u00e5: Utforske mulighetene innen&hellip;<\/p>\n","protected":false},"author":2,"featured_media":0,"parent":0,"menu_order":0,"comment_status":"closed","ping_status":"closed","template":"","meta":{"_acf_changed":false,"footnotes":""},"class_list":["post-1004","page","type-page","status-publish","hentry"],"acf":[],"_links":{"self":[{"href":"https:\/\/helsedatadagen.no\/2024\/wp-json\/wp\/v2\/pages\/1004","targetHints":{"allow":["GET"]}}],"collection":[{"href":"https:\/\/helsedatadagen.no\/2024\/wp-json\/wp\/v2\/pages"}],"about":[{"href":"https:\/\/helsedatadagen.no\/2024\/wp-json\/wp\/v2\/types\/page"}],"author":[{"embeddable":true,"href":"https:\/\/helsedatadagen.no\/2024\/wp-json\/wp\/v2\/users\/2"}],"replies":[{"embeddable":true,"href":"https:\/\/helsedatadagen.no\/2024\/wp-json\/wp\/v2\/comments?post=1004"}],"version-history":[{"count":3,"href":"https:\/\/helsedatadagen.no\/2024\/wp-json\/wp\/v2\/pages\/1004\/revisions"}],"predecessor-version":[{"id":1026,"href":"https:\/\/helsedatadagen.no\/2024\/wp-json\/wp\/v2\/pages\/1004\/revisions\/1026"}],"wp:attachment":[{"href":"https:\/\/helsedatadagen.no\/2024\/wp-json\/wp\/v2\/media?parent=1004"}],"curies":[{"name":"wp","href":"https:\/\/api.w.org\/{rel}","templated":true}]}}