{"id":343,"date":"2023-01-11T13:34:12","date_gmt":"2023-01-11T12:34:12","guid":{"rendered":"https:\/\/helsedatadagen.no\/2023\/?page_id=343"},"modified":"2023-04-17T15:11:45","modified_gmt":"2023-04-17T13:11:45","slug":"speakere","status":"publish","type":"page","link":"https:\/\/helsedatadagen.no\/2023\/speakere\/","title":{"rendered":"Speakere"},"content":{"rendered":"\n<h1>\n\t\t\u00c5rets speakere\n\t<\/h1>\n\t<p>M\u00f8t \u00e5rets speakere p\u00e5 Helsedatadagen! Med oss den 10. mai har vi b\u00e5de politikere, forskere og ledere fra n\u00e6ringslivet og offentlig sektor.<\/p>\n\t\t<a href=\"https:\/\/helsedatadagen.no\/2023\/speaker\/arian-ranjbar\/\" target=\"_self\" rel=\"noopener\"><\/a>\t\t\n\t\t\t\t\t\t\t\t\t\t\t\t\t\t<a href=\"https:\/\/helsedatadagen.no\/2023\/speaker\/arian-ranjbar\/\" target=\"_self\" title=\"Arian Ranjbar\" rel=\"noopener\">\n\t\t\t\t<img decoding=\"async\" src=\"https:\/\/helsedatadagen.no\/2023\/wp-content\/uploads\/sites\/3\/2023\/04\/Arian-Ranjbar-modified.png\" alt=\"\" \/>\n\t\t\t\t<\/a>\n\t\t\t\t\t\t<h3>\n\t\t\t\t<a href=https:\/\/helsedatadagen.no\/2023\/speaker\/arian-ranjbar\/ title=\"Arian Ranjbar\" tabindex=\"0\">Arian Ranjbar<\/a>\t\t\t<\/h3>\n\t\t\t\t\t\t\t\tArian Ranjbar er postdoc p\u00e5 Akershus Universitetssykehus hvor han leder forskningen p\u00e5 kunstig intelligens. Han har tidligere doktorert &#8230;\n\t\t<a href=\"https:\/\/helsedatadagen.no\/2023\/speaker\/bettina-lundgren\/\" target=\"_self\" rel=\"noopener\"><\/a>\t\t\n\t\t\t\t\t\t\t\t\t\t\t\t\t\t<a href=\"https:\/\/helsedatadagen.no\/2023\/speaker\/bettina-lundgren\/\" target=\"_self\" title=\"Bettina Lundgren\" rel=\"noopener\">\n\t\t\t\t<img decoding=\"async\" src=\"https:\/\/helsedatadagen.no\/2023\/wp-content\/uploads\/sites\/3\/2023\/02\/Bettina-Lundgren-modified-1.png\" alt=\"\" \/>\n\t\t\t\t<\/a>\n\t\t\t\t\t\t<h3>\n\t\t\t\t<a href=https:\/\/helsedatadagen.no\/2023\/speaker\/bettina-lundgren\/ title=\"Bettina Lundgren\" tabindex=\"0\">Bettina Lundgren<\/a>\t\t\t<\/h3>\n\t\t\t\t\t\t\t\tBettina Lundgren is the director for Danish National Genome Center. She is a Clinical Microbiology specialist and Doctor &#8230;\n\t\t<a href=\"https:\/\/helsedatadagen.no\/2023\/speaker\/bjorn-borresen\/\" target=\"_self\" rel=\"noopener\"><\/a>\t\t\n\t\t\t\t\t\t\t\t\t\t\t\t\t\t<a href=\"https:\/\/helsedatadagen.no\/2023\/speaker\/bjorn-borresen\/\" target=\"_self\" title=\"Bj\u00f8rn B\u00f8rresen\" rel=\"noopener\">\n\t\t\t\t<img decoding=\"async\" src=\"https:\/\/helsedatadagen.no\/2023\/wp-content\/uploads\/sites\/3\/2023\/01\/Bjorn-Borresen-modified.png\" alt=\"\" \/>\n\t\t\t\t<\/a>\n\t\t\t\t\t\t<h3>\n\t\t\t\t<a href=https:\/\/helsedatadagen.no\/2023\/speaker\/bjorn-borresen\/ title=\"Bj\u00f8rn B\u00f8rresen\" tabindex=\"0\">Bj\u00f8rn B\u00f8rresen<\/a>\t\t\t<\/h3>\n\t\t\t\t\t\t\t\tBj\u00f8rn B\u00f8rresen er direkt\u00f8r for Norsk helsearkiv. Han har lang erfaring som prosjektleder, og kommer fra stillingen som &#8230;\n\t\t<a href=\"https:\/\/helsedatadagen.no\/2023\/speaker\/christina-hilmarsen\/\" target=\"_self\" rel=\"noopener\"><\/a>\t\t\n\t\t\t\t\t\t\t\t\t\t\t\t\t\t<a href=\"https:\/\/helsedatadagen.no\/2023\/speaker\/christina-hilmarsen\/\" target=\"_self\" title=\"Christina Hilmarsen\" rel=\"noopener\">\n\t\t\t\t<img decoding=\"async\" src=\"https:\/\/helsedatadagen.no\/2023\/wp-content\/uploads\/sites\/3\/2023\/03\/Christina-Hilmarson-rund.png\" alt=\"\" \/>\n\t\t\t\t<\/a>\n\t\t\t\t\t\t<h3>\n\t\t\t\t<a href=https:\/\/helsedatadagen.no\/2023\/speaker\/christina-hilmarsen\/ title=\"Christina Hilmarsen\" tabindex=\"0\">Christina Hilmarsen<\/a>\t\t\t<\/h3>\n\t\t\t\t\t\t\t\tChristina Hilmarsen er seniorr\u00e5dgiver i Helsedataservice, Direktoratet for e-helse, som 15. mars overtok vedtaksmyndighet for tilgang til registerdata &#8230;\n\t\t<a href=\"https:\/\/helsedatadagen.no\/2023\/speaker\/ellen-ronning-arnesen\/\" target=\"_self\" rel=\"noopener\"><\/a>\t\t\n\t\t\t\t\t\t\t\t\t\t\t\t\t\t<a href=\"https:\/\/helsedatadagen.no\/2023\/speaker\/ellen-ronning-arnesen\/\" target=\"_self\" title=\"Ellen R\u00f8nning-Arnesen\" rel=\"noopener\">\n\t\t\t\t<img decoding=\"async\" src=\"https:\/\/helsedatadagen.no\/2023\/wp-content\/uploads\/sites\/3\/2023\/01\/Ellen-Ronning-Arnesen-1.png\" alt=\"\" \/>\n\t\t\t\t<\/a>\n\t\t\t\t\t\t<h3>\n\t\t\t\t<a href=https:\/\/helsedatadagen.no\/2023\/speaker\/ellen-ronning-arnesen\/ title=\"Ellen R\u00f8nning-Arnesen\" tabindex=\"0\">Ellen R\u00f8nning-Arnesen<\/a>\t\t\t<\/h3>\n\t\t\t\t\t\t\t\tEllen R\u00f8nning-Arnesen ble utnevnt til statssekret\u00e6r i Helse- og omsorgsdepartementet 26. november 2021. Hun har en master i &#8230;\n\t\t<a href=\"https:\/\/helsedatadagen.no\/2023\/speaker\/frida-naess-ulseth\/\" target=\"_self\" rel=\"noopener\"><\/a>\t\t\n\t\t\t\t\t\t\t\t\t\t\t\t\t\t<a href=\"https:\/\/helsedatadagen.no\/2023\/speaker\/frida-naess-ulseth\/\" target=\"_self\" title=\"Frida N\u00e6ss-Ulseth\" rel=\"noopener\">\n\t\t\t\t<img decoding=\"async\" src=\"https:\/\/helsedatadagen.no\/2023\/wp-content\/uploads\/sites\/3\/2023\/04\/Frida-Naess-Ulseth-modified.png\" alt=\"\" \/>\n\t\t\t\t<\/a>\n\t\t\t\t\t\t<h3>\n\t\t\t\t<a href=https:\/\/helsedatadagen.no\/2023\/speaker\/frida-naess-ulseth\/ title=\"Frida N\u00e6ss-Ulseth\" tabindex=\"0\">Frida N\u00e6ss-Ulseth<\/a>\t\t\t<\/h3>\n\t\t\t\t\t\t\t\tFrida holds a Master of Science in Industrial&nbsp;Economics and Technology Management from&nbsp;NTNU. She&nbsp;has previously worked with&nbsp;development of digital &#8230;\n\t\t<a href=\"https:\/\/helsedatadagen.no\/2023\/speaker\/gulay-kutal\/\" target=\"_self\" rel=\"noopener\"><\/a>\t\t\n\t\t\t\t\t\t\t\t\t\t\t\t\t\t<a href=\"https:\/\/helsedatadagen.no\/2023\/speaker\/gulay-kutal\/\" target=\"_self\" title=\"G\u00fclay Kutal\" rel=\"noopener\">\n\t\t\t\t<img decoding=\"async\" src=\"https:\/\/helsedatadagen.no\/2023\/wp-content\/uploads\/sites\/3\/2023\/03\/Default-speaker-20231-modified.png\" alt=\"\" \/>\n\t\t\t\t<\/a>\n\t\t\t\t\t\t<h3>\n\t\t\t\t<a href=https:\/\/helsedatadagen.no\/2023\/speaker\/gulay-kutal\/ title=\"G\u00fclay Kutal\" tabindex=\"0\">G\u00fclay Kutal<\/a>\t\t\t<\/h3>\n\t\t\t\t\t\t\t\tG\u00fclay Kutal er tjenesteportef\u00f8ljeansvarlig og seksjonsleder for forskningsst\u00f8tte i Sykehuspartner HF.\n\t\t<a href=\"https:\/\/helsedatadagen.no\/2023\/speaker\/gun-peggy-knudsen\/\" target=\"_self\" rel=\"noopener\"><\/a>\t\t\n\t\t\t\t\t\t\t\t\t\t\t\t\t\t<a href=\"https:\/\/helsedatadagen.no\/2023\/speaker\/gun-peggy-knudsen\/\" target=\"_self\" title=\"Gun Peggy Knudsen\" rel=\"noopener\">\n\t\t\t\t<img decoding=\"async\" src=\"https:\/\/helsedatadagen.no\/2023\/wp-content\/uploads\/sites\/3\/2023\/03\/Gun-Peggy-Knudsen-modified.png\" alt=\"\" \/>\n\t\t\t\t<\/a>\n\t\t\t\t\t\t<h3>\n\t\t\t\t<a href=https:\/\/helsedatadagen.no\/2023\/speaker\/gun-peggy-knudsen\/ title=\"Gun Peggy Knudsen\" tabindex=\"0\">Gun Peggy Knudsen<\/a>\t\t\t<\/h3>\n\t\t\t\t\t\t\t\tGun Peggy Knudsen, PhD, er assisterende direkt\u00f8r i Folkehelseinstituttet.\n\t\t<a href=\"https:\/\/helsedatadagen.no\/2023\/speaker\/hans-jacob-moe\/\" target=\"_self\" rel=\"noopener\"><\/a>\t\t\n\t\t\t\t\t\t\t\t\t\t\t\t\t\t<a href=\"https:\/\/helsedatadagen.no\/2023\/speaker\/hans-jacob-moe\/\" target=\"_self\" title=\"Hans Jacob Moe\" rel=\"noopener\">\n\t\t\t\t<img decoding=\"async\" src=\"https:\/\/helsedatadagen.no\/2023\/wp-content\/uploads\/sites\/3\/2023\/04\/Hans-Jacob-Moe-rund.png\" alt=\"\" \/>\n\t\t\t\t<\/a>\n\t\t\t\t\t\t<h3>\n\t\t\t\t<a href=https:\/\/helsedatadagen.no\/2023\/speaker\/hans-jacob-moe\/ title=\"Hans Jacob Moe\" tabindex=\"0\">Hans Jacob Moe<\/a>\t\t\t<\/h3>\n\t\t\t\t\t\t\t\tHans Jacob Moe\u00a0er Head of Communication &amp; Marketing i Tietoevry\n\t\t<a href=\"https:\/\/helsedatadagen.no\/2023\/speaker\/havard-kolle-riis\/\" target=\"_self\" rel=\"noopener\"><\/a>\t\t\n\t\t\t\t\t\t\t\t\t\t\t\t\t\t<a href=\"https:\/\/helsedatadagen.no\/2023\/speaker\/havard-kolle-riis\/\" target=\"_self\" title=\"H\u00e5vard Kolle Riis\" rel=\"noopener\">\n\t\t\t\t<img decoding=\"async\" src=\"https:\/\/helsedatadagen.no\/2023\/wp-content\/uploads\/sites\/3\/2023\/02\/Havard-Kolle-Riis.png\" alt=\"\" \/>\n\t\t\t\t<\/a>\n\t\t\t\t\t\t<h3>\n\t\t\t\t<a href=https:\/\/helsedatadagen.no\/2023\/speaker\/havard-kolle-riis\/ title=\"H\u00e5vard Kolle Riis\" tabindex=\"0\">H\u00e5vard Kolle Riis<\/a>\t\t\t<\/h3>\n\t\t\t\t\t\t\t\tH\u00e5vard Kolle Riis er avdelingsdirekt\u00f8r for helsedata i Direktoratet for e-helse med ansvar for helsedatasatsingen, med blant annet &#8230;\n\t\t<a href=\"https:\/\/helsedatadagen.no\/2023\/speaker\/ingebjorn-bleidvin\/\" target=\"_self\" rel=\"noopener\"><\/a>\t\t\n\t\t\t\t\t\t\t\t\t\t\t\t\t\t<a href=\"https:\/\/helsedatadagen.no\/2023\/speaker\/ingebjorn-bleidvin\/\" target=\"_self\" title=\"Ingebj\u00f8rn Bleidvin\" rel=\"noopener\">\n\t\t\t\t<img decoding=\"async\" src=\"https:\/\/helsedatadagen.no\/2023\/wp-content\/uploads\/sites\/3\/2023\/04\/Ingebjorn-Bleidvin-modified.png\" alt=\"\" \/>\n\t\t\t\t<\/a>\n\t\t\t\t\t\t<h3>\n\t\t\t\t<a href=https:\/\/helsedatadagen.no\/2023\/speaker\/ingebjorn-bleidvin\/ title=\"Ingebj\u00f8rn Bleidvin\" tabindex=\"0\">Ingebj\u00f8rn Bleidvin<\/a>\t\t\t<\/h3>\n\t\t\t\t\t\t\t\tIngebj\u00f8rn Bleidvin er medisinsk sjef i Aidn.\n\t\t<a href=\"https:\/\/helsedatadagen.no\/2023\/speaker\/ira-hebold-haraldsen\/\" target=\"_self\" rel=\"noopener\"><\/a>\t\t\n\t\t\t\t\t\t\t\t\t\t\t\t\t\t<a href=\"https:\/\/helsedatadagen.no\/2023\/speaker\/ira-hebold-haraldsen\/\" target=\"_self\" title=\"Ira Hebold Haraldsen\" rel=\"noopener\">\n\t\t\t\t<img decoding=\"async\" src=\"https:\/\/helsedatadagen.no\/2023\/wp-content\/uploads\/sites\/3\/2023\/03\/Ira-Haraldsen_color_web-modified.png\" alt=\"\" \/>\n\t\t\t\t<\/a>\n\t\t\t\t\t\t<h3>\n\t\t\t\t<a href=https:\/\/helsedatadagen.no\/2023\/speaker\/ira-hebold-haraldsen\/ title=\"Ira Hebold Haraldsen\" tabindex=\"0\">Ira Hebold Haraldsen<\/a>\t\t\t<\/h3>\n\t\t\t\t\t\t\t\tDr. Ira Ronit Hebold Haraldsen, MD PhD, Neurology and Psychiatry.&nbsp; Adm. expertise of clinical department and research leadership. &#8230;\n\t\t<a href=\"https:\/\/helsedatadagen.no\/2023\/speaker\/ivar-hukkelberg\/\" target=\"_self\" rel=\"noopener\"><\/a>\t\t\n\t\t\t\t\t\t\t\t\t\t\t\t\t\t<a href=\"https:\/\/helsedatadagen.no\/2023\/speaker\/ivar-hukkelberg\/\" target=\"_self\" title=\"Ivar Hukkelberg\" rel=\"noopener\">\n\t\t\t\t<img decoding=\"async\" src=\"https:\/\/helsedatadagen.no\/2023\/wp-content\/uploads\/sites\/3\/2023\/03\/Ivar-Hukkelberg.png\" alt=\"\" \/>\n\t\t\t\t<\/a>\n\t\t\t\t\t\t<h3>\n\t\t\t\t<a href=https:\/\/helsedatadagen.no\/2023\/speaker\/ivar-hukkelberg\/ title=\"Ivar Hukkelberg\" tabindex=\"0\">Ivar Hukkelberg<\/a>\t\t\t<\/h3>\n\t\t\t\t\t\t\t\tIvar Hukkelberg er Director of Customer Success &amp; Marketing i Deepinsight. Han har en M.Sc i industriell \u00f8konomi &#8230;\n\t\t<a href=\"https:\/\/helsedatadagen.no\/2023\/speaker\/jesper-ravn\/\" target=\"_self\" rel=\"noopener\"><\/a>\t\t\n\t\t\t\t\t\t\t\t\t\t\t\t\t\t<a href=\"https:\/\/helsedatadagen.no\/2023\/speaker\/jesper-ravn\/\" target=\"_self\" title=\"Jesper Ravn\" rel=\"noopener\">\n\t\t\t\t<img decoding=\"async\" src=\"https:\/\/helsedatadagen.no\/2023\/wp-content\/uploads\/sites\/3\/2023\/02\/Jesper-ravn.png\" alt=\"\" \/>\n\t\t\t\t<\/a>\n\t\t\t\t\t\t<h3>\n\t\t\t\t<a href=https:\/\/helsedatadagen.no\/2023\/speaker\/jesper-ravn\/ title=\"Jesper Ravn\" tabindex=\"0\">Jesper Ravn<\/a>\t\t\t<\/h3>\n\t\t\t\t\t\t\t\tJesper Ravn er ansatt som seniorr\u00e5dgiver i seksjon for teknologi og ehelse ved Akershus Universitetssykehus. Han har sin &#8230;\n\t\t<a href=\"https:\/\/helsedatadagen.no\/2023\/speaker\/johan-anstensrud\/\" target=\"_self\" rel=\"noopener\"><\/a>\t\t\n\t\t\t\t\t\t\t\t\t\t\t\t\t\t<a href=\"https:\/\/helsedatadagen.no\/2023\/speaker\/johan-anstensrud\/\" target=\"_self\" title=\"Johan Anstensrud\" rel=\"noopener\">\n\t\t\t\t<img decoding=\"async\" src=\"https:\/\/helsedatadagen.no\/2023\/wp-content\/uploads\/sites\/3\/2023\/03\/Johan-Anstedsrud-modified.png\" alt=\"\" \/>\n\t\t\t\t<\/a>\n\t\t\t\t\t\t<h3>\n\t\t\t\t<a href=https:\/\/helsedatadagen.no\/2023\/speaker\/johan-anstensrud\/ title=\"Johan Anstensrud\" tabindex=\"0\">Johan Anstensrud<\/a>\t\t\t<\/h3>\n\t\t\t\t\t\t\t\tJohan Anstensrud er daglig leder i Sensio som med sine varemerker Hospital IT, RoomMate, SafeMate, Safecall, FlexiBlink og &#8230;\n\t\t<a href=\"https:\/\/helsedatadagen.no\/2023\/speaker\/jon-magnus-hoegh-omdal\/\" target=\"_self\" rel=\"noopener\"><\/a>\t\t\n\t\t\t\t\t\t\t\t\t\t\t\t\t\t<a href=\"https:\/\/helsedatadagen.no\/2023\/speaker\/jon-magnus-hoegh-omdal\/\" target=\"_self\" title=\"Jon Magnus\u00a0H\u00f8egh-Omdal\" rel=\"noopener\">\n\t\t\t\t<img decoding=\"async\" src=\"https:\/\/helsedatadagen.no\/2023\/wp-content\/uploads\/sites\/3\/2023\/03\/Jon-Magnus-Hoegh-Omdal-modified.png\" alt=\"\" \/>\n\t\t\t\t<\/a>\n\t\t\t\t\t\t<h3>\n\t\t\t\t<a href=https:\/\/helsedatadagen.no\/2023\/speaker\/jon-magnus-hoegh-omdal\/ title=\"Jon Magnus\u00a0H\u00f8egh-Omdal\" tabindex=\"0\">Jon Magnus\u00a0H\u00f8egh-Omdal<\/a>\t\t\t<\/h3>\n\t\t\t\t\t\t\t\tJon Magnus H\u00f8egh-Omdal er avdelingsleder ved Data og Analyse i Sykehuspartner. Regional data- og analyseplattform (RDAP): Dette er &#8230;\n\t\t<a href=\"https:\/\/helsedatadagen.no\/2023\/speaker\/kari-nytroen\/\" target=\"_self\" rel=\"noopener\"><\/a>\t\t\n\t\t\t\t\t\t\t\t\t\t\t\t\t\t<a href=\"https:\/\/helsedatadagen.no\/2023\/speaker\/kari-nytroen\/\" target=\"_self\" title=\"Kari Nytr\u00f8en\" rel=\"noopener\">\n\t\t\t\t<img decoding=\"async\" src=\"https:\/\/helsedatadagen.no\/2023\/wp-content\/uploads\/sites\/3\/2023\/03\/Kari-Nytroen-rund.png\" alt=\"\" \/>\n\t\t\t\t<\/a>\n\t\t\t\t\t\t<h3>\n\t\t\t\t<a href=https:\/\/helsedatadagen.no\/2023\/speaker\/kari-nytroen\/ title=\"Kari Nytr\u00f8en\" tabindex=\"0\">Kari Nytr\u00f8en<\/a>\t\t\t<\/h3>\n\t\t\t\t\t\t\t\tKari Nytr\u00f8en er avdelingsdirekt\u00f8r ved Norsk helsearkiv. Hun brenner for \u00f8kt bruk av helsedata og ny kunnskap. Kari &#8230;\n\t\t<a href=\"https:\/\/helsedatadagen.no\/2023\/speaker\/ketil-widerberg\/\" target=\"_self\" rel=\"noopener\"><\/a>\t\t\n\t\t\t\t\t\t\t\t\t\t\t\t\t\t<a href=\"https:\/\/helsedatadagen.no\/2023\/speaker\/ketil-widerberg\/\" target=\"_self\" title=\"Ketil Widerberg\" rel=\"noopener\">\n\t\t\t\t<img decoding=\"async\" src=\"https:\/\/helsedatadagen.no\/2023\/wp-content\/uploads\/sites\/3\/2023\/01\/Ketil-widerberg-4-modified.png\" alt=\"\" \/>\n\t\t\t\t<\/a>\n\t\t\t\t\t\t<h3>\n\t\t\t\t<a href=https:\/\/helsedatadagen.no\/2023\/speaker\/ketil-widerberg\/ title=\"Ketil Widerberg\" tabindex=\"0\">Ketil Widerberg<\/a>\t\t\t<\/h3>\n\t\t\t\t\t\t\t\tKetil\u00a0Widerberg leads Oslo Cancer Cluster, a cancer innovation member organization, and OCC Incubator, a leading European life science &#8230;\n\t\t<a href=\"https:\/\/helsedatadagen.no\/2023\/speaker\/maria-mastrangelopoulou\/\" target=\"_self\" rel=\"noopener\"><\/a>\t\t\n\t\t\t\t\t\t\t\t\t\t\t\t\t\t<a href=\"https:\/\/helsedatadagen.no\/2023\/speaker\/maria-mastrangelopoulou\/\" target=\"_self\" title=\"Maria Mastrangelopoulou\" rel=\"noopener\">\n\t\t\t\t<img decoding=\"async\" src=\"https:\/\/helsedatadagen.no\/2023\/wp-content\/uploads\/sites\/3\/2023\/04\/Maria-Mastrangelopoulou-modified.png\" alt=\"\" \/>\n\t\t\t\t<\/a>\n\t\t\t\t\t\t<h3>\n\t\t\t\t<a href=https:\/\/helsedatadagen.no\/2023\/speaker\/maria-mastrangelopoulou\/ title=\"Maria Mastrangelopoulou\" tabindex=\"0\">Maria Mastrangelopoulou<\/a>\t\t\t<\/h3>\n\t\t\t\t\t\t\t\tMaria holds a PhD in Medicine from University of Oslo. After years of experience in medical research, she &#8230;\n\t\t<a href=\"https:\/\/helsedatadagen.no\/2023\/speaker\/mariann-hornnes\/\" target=\"_self\" rel=\"noopener\"><\/a>\t\t\n\t\t\t\t\t\t\t\t\t\t\t\t\t\t<a href=\"https:\/\/helsedatadagen.no\/2023\/speaker\/mariann-hornnes\/\" target=\"_self\" title=\"Mariann\u00a0Hornnes\" rel=\"noopener\">\n\t\t\t\t<img decoding=\"async\" src=\"https:\/\/helsedatadagen.no\/2023\/wp-content\/uploads\/sites\/3\/2023\/02\/Mariann-Hornnes-modified.png\" alt=\"\" \/>\n\t\t\t\t<\/a>\n\t\t\t\t\t\t<h3>\n\t\t\t\t<a href=https:\/\/helsedatadagen.no\/2023\/speaker\/mariann-hornnes\/ title=\"Mariann\u00a0Hornnes\" tabindex=\"0\">Mariann\u00a0Hornnes<\/a>\t\t\t<\/h3>\n\t\t\t\t\t\t\t\tMariann Hornnes er direkt\u00f8r i\u00a0Direktoratet for e-helse.\n\t\t<a href=\"https:\/\/helsedatadagen.no\/2023\/speaker\/marianne-bartvedt-van-os\/\" target=\"_self\" rel=\"noopener\"><\/a>\t\t\n\t\t\t\t\t\t\t\t\t\t\t\t\t\t<a href=\"https:\/\/helsedatadagen.no\/2023\/speaker\/marianne-bartvedt-van-os\/\" target=\"_self\" title=\"Marianne B\u00e5rtvedt van Os\" rel=\"noopener\">\n\t\t\t\t<img decoding=\"async\" src=\"https:\/\/helsedatadagen.no\/2023\/wp-content\/uploads\/sites\/3\/2023\/03\/MbvO-rundt.png\" alt=\"\" \/>\n\t\t\t\t<\/a>\n\t\t\t\t\t\t<h3>\n\t\t\t\t<a href=https:\/\/helsedatadagen.no\/2023\/speaker\/marianne-bartvedt-van-os\/ title=\"Marianne B\u00e5rtvedt van Os\" tabindex=\"0\">Marianne B\u00e5rtvedt van Os<\/a>\t\t\t<\/h3>\n\t\t\t\t\t\t\t\tMarianne B\u00e5rtvedt van Os er seniorr\u00e5dgiver ved avdeling Samordning i Direktoratet for e-helse. Marianne har som ansvarsomr\u00e5de \u00e5 &#8230;\n\t\t<a href=\"https:\/\/helsedatadagen.no\/2023\/speaker\/mathias-hansson\/\" target=\"_self\" rel=\"noopener\"><\/a>\t\t\n\t\t\t\t\t\t\t\t\t\t\t\t\t\t<a href=\"https:\/\/helsedatadagen.no\/2023\/speaker\/mathias-hansson\/\" target=\"_self\" title=\"Mathias Hansson\" rel=\"noopener\">\n\t\t\t\t<img decoding=\"async\" src=\"https:\/\/helsedatadagen.no\/2023\/wp-content\/uploads\/sites\/3\/2023\/04\/Mathias-Hansson-rund.png\" alt=\"\" \/>\n\t\t\t\t<\/a>\n\t\t\t\t\t\t<h3>\n\t\t\t\t<a href=https:\/\/helsedatadagen.no\/2023\/speaker\/mathias-hansson\/ title=\"Mathias Hansson\" tabindex=\"0\">Mathias Hansson<\/a>\t\t\t<\/h3>\n\t\t\t\t\t\t\t\tMathias is Solution Lead Data &amp; AI at Tietoevry Care and Adjunct Associate Professor at Inland Norway University &#8230;\n\t\t<a href=\"https:\/\/helsedatadagen.no\/2023\/speaker\/stein-olav-skrovseth\/\" target=\"_self\" rel=\"noopener\"><\/a>\t\t\n\t\t\t\t\t\t\t\t\t\t\t\t\t\t<a href=\"https:\/\/helsedatadagen.no\/2023\/speaker\/stein-olav-skrovseth\/\" target=\"_self\" title=\"Stein Olav Skr\u00f8vseth\" rel=\"noopener\">\n\t\t\t\t<img decoding=\"async\" src=\"https:\/\/helsedatadagen.no\/2023\/wp-content\/uploads\/sites\/3\/2023\/01\/stein-olav-skrovseth-748w-modified.png\" alt=\"\" \/>\n\t\t\t\t<\/a>\n\t\t\t\t\t\t<h3>\n\t\t\t\t<a href=https:\/\/helsedatadagen.no\/2023\/speaker\/stein-olav-skrovseth\/ title=\"Stein Olav Skr\u00f8vseth\" tabindex=\"0\">Stein Olav Skr\u00f8vseth<\/a>\t\t\t<\/h3>\n\t\t\t\t\t\t\t\tStein Olav\u00a0Skr\u00f8vseth er senterleder ved Nasjonalt senter for e-helseforskning. Han er utdannet sivilingeni\u00f8r med doktorgrad i matematisk fysikk &#8230;\n\t\t<a href=\"https:\/\/helsedatadagen.no\/2023\/speaker\/torbjorn-larsen\/\" target=\"_self\" rel=\"noopener\"><\/a>\t\t\n\t\t\t\t\t\t\t\t\t\t\t\t\t\t<a href=\"https:\/\/helsedatadagen.no\/2023\/speaker\/torbjorn-larsen\/\" target=\"_self\" title=\"Torbj\u00f8rn Larsen\" rel=\"noopener\">\n\t\t\t\t<img decoding=\"async\" src=\"https:\/\/helsedatadagen.no\/2023\/wp-content\/uploads\/sites\/3\/2023\/03\/Torbjorn-Larsen-rund1.png\" alt=\"\" \/>\n\t\t\t\t<\/a>\n\t\t\t\t\t\t<h3>\n\t\t\t\t<a href=https:\/\/helsedatadagen.no\/2023\/speaker\/torbjorn-larsen\/ title=\"Torbj\u00f8rn Larsen\" tabindex=\"0\">Torbj\u00f8rn Larsen<\/a>\t\t\t<\/h3>\n\t\t\t\t\t\t\t\tTorbj\u00f8rn Larsen er utdannet Master of Science fra NTNU i Trondheim og har ogs\u00e5 en Master of Technology &#8230;\n\t\t<a href=\"https:\/\/helsedatadagen.no\/2023\/speaker\/truls-korsgaard\/\" target=\"_self\" rel=\"noopener\"><\/a>\t\t\n\t\t\t\t\t\t\t\t\t\t\t\t\t\t<a href=\"https:\/\/helsedatadagen.no\/2023\/speaker\/truls-korsgaard\/\" target=\"_self\" title=\"Truls Korsgaard\" rel=\"noopener\">\n\t\t\t\t<img decoding=\"async\" src=\"https:\/\/helsedatadagen.no\/2023\/wp-content\/uploads\/sites\/3\/2023\/03\/Truls-K-rund.png\" alt=\"\" \/>\n\t\t\t\t<\/a>\n\t\t\t\t\t\t<h3>\n\t\t\t\t<a href=https:\/\/helsedatadagen.no\/2023\/speaker\/truls-korsgaard\/ title=\"Truls Korsgaard\" tabindex=\"0\">Truls Korsgaard<\/a>\t\t\t<\/h3>\n\t\t\t\t\t\t\t\tTruls Korsgaard er seniorr\u00e5dgiver ved avdeling Helsedata i Direktoratet for e-helse. Han har lang erfaring med \u00e5 tilrettelegge &#8230;\n\t\t<a href=\"https:\/\/helsedatadagen.no\/2023\/speaker\/vegard-urnes\/\" target=\"_self\" rel=\"noopener\"><\/a>\t\t\n\t\t\t\t\t\t\t\t\t\t\t\t\t\t<a href=\"https:\/\/helsedatadagen.no\/2023\/speaker\/vegard-urnes\/\" target=\"_self\" title=\"Vegard Urnes\" rel=\"noopener\">\n\t\t\t\t<img decoding=\"async\" src=\"https:\/\/helsedatadagen.no\/2023\/wp-content\/uploads\/sites\/3\/2023\/02\/Vegard-Urnes-1-modified.png\" alt=\"\" \/>\n\t\t\t\t<\/a>\n\t\t\t\t\t\t<h3>\n\t\t\t\t<a href=https:\/\/helsedatadagen.no\/2023\/speaker\/vegard-urnes\/ title=\"Vegard Urnes\" tabindex=\"0\">Vegard Urnes<\/a>\t\t\t<\/h3>\n\t\t\t\t\t\t\t\tVegard Urnes\u00a0er ansvarlig forretningsutvikling i DignaCare.\n\n","protected":false},"excerpt":{"rendered":"<p>\u00c5rets speakere M\u00f8t \u00e5rets speakere p\u00e5 Helsedatadagen! Med oss den 10. mai har vi b\u00e5de politikere, forskere og ledere fra n\u00e6ringslivet og offentlig sektor. Arian Ranjbar Arian Ranjbar er postdoc p\u00e5 Akershus Universitetssykehus hvor han leder forskningen p\u00e5 kunstig intelligens. Han har tidligere doktorert &#8230; Bettina Lundgren Bettina Lundgren is the director for Danish National&hellip;<\/p>\n","protected":false},"author":2,"featured_media":0,"parent":0,"menu_order":0,"comment_status":"closed","ping_status":"closed","template":"","meta":{"_acf_changed":false,"footnotes":""},"class_list":["post-343","page","type-page","status-publish","hentry"],"acf":[],"_links":{"self":[{"href":"https:\/\/helsedatadagen.no\/2023\/wp-json\/wp\/v2\/pages\/343","targetHints":{"allow":["GET"]}}],"collection":[{"href":"https:\/\/helsedatadagen.no\/2023\/wp-json\/wp\/v2\/pages"}],"about":[{"href":"https:\/\/helsedatadagen.no\/2023\/wp-json\/wp\/v2\/types\/page"}],"author":[{"embeddable":true,"href":"https:\/\/helsedatadagen.no\/2023\/wp-json\/wp\/v2\/users\/2"}],"replies":[{"embeddable":true,"href":"https:\/\/helsedatadagen.no\/2023\/wp-json\/wp\/v2\/comments?post=343"}],"version-history":[{"count":9,"href":"https:\/\/helsedatadagen.no\/2023\/wp-json\/wp\/v2\/pages\/343\/revisions"}],"predecessor-version":[{"id":751,"href":"https:\/\/helsedatadagen.no\/2023\/wp-json\/wp\/v2\/pages\/343\/revisions\/751"}],"wp:attachment":[{"href":"https:\/\/helsedatadagen.no\/2023\/wp-json\/wp\/v2\/media?parent=343"}],"curies":[{"name":"wp","href":"https:\/\/api.w.org\/{rel}","templated":true}]}}