{"id":320,"date":"2023-01-11T12:55:57","date_gmt":"2023-01-11T11:55:57","guid":{"rendered":"https:\/\/helsedatadagen.no\/2023\/?page_id=320"},"modified":"2023-05-09T15:26:55","modified_gmt":"2023-05-09T13:26:55","slug":"program","status":"publish","type":"page","link":"https:\/\/helsedatadagen.no\/2023\/program\/","title":{"rendered":"Program"},"content":{"rendered":"\n<h1>\n\t\tProgram\n\t<\/h1>\n\tProgrammet vil best\u00e5 av plenumssesjoner frem til lunsj, for s\u00e5 \u00e5 bli delt opp i to parallelle spor.<br \/>\nEndringer kan forekomme.\n\t<strong>09:00-10:00<\/strong><br \/>\nScene 1\n<h2>\n\t\t<a href=\"https:\/\/helsedatadagen.no\/2023\/session\/apningen-av-helsedatadagen-2023\/\" title=\"\u00c5pningen av Helsedatadagen 2023\" target=\"_self\" rel=\"noopener\">\n\t\t\u00c5pningen av Helsedatadagen 2023\n\t\t<\/a>\n\t<\/h2>\n\t<p>Helsedata &#8211; en av grunnpilarene i helsevesenet og et viktig fundament for helseinnovasjon.<\/p>\n<p>Teknologi og kunstig intelligens har revolusjonert m\u00e5ten vi samler og bruker helsedata p\u00e5. Med den \u00f8kende mengden data som genereres fra helsevesenet, har kunstig intelligens og maskinl\u00e6ring blitt viktige verkt\u00f8y for \u00e5 analysere og trekke ut innsikter fra store datasett. Dette har f\u00f8rt til utviklingen av nye verkt\u00f8y og teknologier som kan bidra til \u00e5 forbedre diagnostisering og behandling av sykdommer.<\/p>\n<p>Utviklingen av kunstig intelligens og helsedata har \u00e5pnet opp for spennende muligheter innen helse. Med stadig mer avanserte teknologier og verkt\u00f8y som blir tilgjengelig, vil vi kunne se enda mer innovasjon og forbedring. Et viktig perspektiv i debatten er likevel sikker lagring og bruk av helsedata. Den nasjonale e-helsestrategien\u00a0for helse- og omsorgssektoren setter retning for arbeidet med helsedata de neste \u00e5rene, slik at vi har rask og sikker tilgang til helsedata.<\/p>\n<strong>\u00c5pning av Helsedatadagen 2023<br \/>\n<\/strong><em>v\/ <a href=\"https:\/\/helsedatadagen.no\/2023\/speaker\/nard-schreurs\/\">Nard Schreurs<\/a>, EHiN &amp;\u00a0<a href=\"https:\/\/helsedatadagen.no\/2023\/speaker\/iselin-holmedal-marstrander\/\">Iselin Holmedal Marstrander<\/a>, EHiN<\/em>\n<strong>AI p\u00e5 AHUS &#8211; bruk av kunstig intelligens i praksis<br \/>\n<\/strong><em>v\/ <a href=\"https:\/\/helsedatadagen.no\/2023\/speaker\/jesper-ravn\/\" target=\"_blank\" rel=\"noopener\">Jesper Ravn<\/a>, seniorr\u00e5dgiver i seksjon for teknologi og e-helse ved Ahus<\/em>\n<strong>Et \u00f8kosystem av medisinske tjenesteleverand\u00f8rer<\/strong><br \/>\n<em>v\/ <a href=\"https:\/\/helsedatadagen.no\/2023\/speaker\/torbjorn-larsen\/\" target=\"_blank\" rel=\"noopener\">Torbj\u00f8rn Larsen<\/a>, IT-direkt\u00f8r i Telenor<\/em>\n<b>Helsedata til fornying og forbedring<\/b><br \/>\n<em>v\/ <a href=\"https:\/\/helsedatadagen.no\/2023\/speaker\/havard-kolle-riis\/\">H\u00e5vard Kolle Riis<\/a>, fungerende divisjonsdirekt\u00f8r informasjonsforvaltning, Direktoratet for e-helse<\/em>\n<p><strong>Moderatorer<\/strong>:\u00a0<a href=\"https:\/\/helsedatadagen.no\/2023\/speaker\/nard-schreurs\/\">Nard Schreurs<\/a> og <a href=\"https:\/\/helsedatadagen.no\/2023\/speaker\/iselin-holmedal-marstrander\/\">Iselin Holmedal Marstrander<\/a><\/p>\n\t<strong>10:15-11:15<\/strong><br \/>\nScene 1\n<h2>\n\t\t<a href=\"https:\/\/helsedatadagen.no\/2023\/session\/plenum-2\/\" title=\"Norden m\u00e5 utnytte helsedata for presisjonsmedisin\" target=\"_self\" rel=\"noopener\">\n\t\tNorden m\u00e5 utnytte helsedata for presisjonsmedisin\n\t\t<\/a>\n\t<\/h2>\n\t<p>\u00abVi skal utnytte v\u00e5re helsedata bedre\u00bb, uttaler Bettina Lundgren i den danske utgaven av Dagens Medicin. Den forrige danske strategien for persontilpasset medisin har g\u00e5tt ut, og Lundgren fremhever behovet for en ny nasjonal strategi med \u00f8kt fokus p\u00e5 helsedata, ny teknologi og forskning.<\/p>\n<p>Sammen med Ellen R\u00f8nning-Arnesen, Ketil Widerberg og Gun Peggy Knudsen skal Bettina Lundgren debattere bruk av helsedata, innovasjon og persontilpasset medisin, samt forskjellene mellom v\u00e5re to land i h\u00e5ndtering og bruk av helsedata.<\/p>\n<p><a href=\"https:\/\/www.regjeringen.no\/contentassets\/c0ab0380265445e58508c36e51e5561b\/no\/pdfs\/strategi-for-persontilpasset-medisin.pdf\" target=\"_blank\" rel=\"noopener\">Norges nye nasjonale strategi for persontilpasset medisin finner du her<\/a><\/p>\n<p><a href=\"https:\/\/ehin.no\/artikler\/dansk-gen-spesialist-til-hdd23\/\" target=\"_blank\" rel=\"noopener\">Les genekspert Bettina Lundgrens artikkel i den danske utgaven av Dagens Medisin her<\/a><\/p>\n<p><strong>Moderatorer<\/strong>: <a href=\"https:\/\/helsedatadagen.no\/2023\/speaker\/iselin-holmedal-marstrander\/\">Iselin Holmedal Marstrander<\/a> og <a href=\"https:\/\/helsedatadagen.no\/2023\/speaker\/nard-schreurs\/\">Nard Schreurs<\/a><\/p>\n<p><strong>Speakere:<\/strong><\/p>\n<ul>\n<li><a href=\"https:\/\/helsedatadagen.no\/2023\/speaker\/bettina-lundgren\/\" target=\"_blank\" rel=\"noopener\">Bettina Lundgren<\/a>, director for Danish National Genome Center<\/li>\n<li><a href=\"https:\/\/helsedatadagen.no\/2023\/speaker\/ellen-ronning-arnesen\/\" target=\"_blank\" rel=\"noopener\">Ellen R\u00f8nning-Arnesen<\/a>, statssekret\u00e6r i Helse- og omsorgsdepartementet<\/li>\n<li><a href=\"https:\/\/helsedatadagen.no\/2023\/speaker\/ketil-widerberg\/\" target=\"_blank\" rel=\"noopener\">Ketil Widerberg<\/a>, leder, Oslo Cancer Cluster<\/li>\n<li><a href=\"https:\/\/helsedatadagen.no\/2023\/speaker\/gun-peggy-knudsen\/\" target=\"_blank\" rel=\"noopener\">Gun Peggy Knudsen<\/a>, assisterende direkt\u00f8r, PhD i Folkehelseinstituttet<\/li>\n<\/ul>\n\t<strong>11:15-11:45<\/strong><br \/>\nScene 1\n<h2>\n\t\t<a href=\"https:\/\/helsedatadagen.no\/2023\/session\/plenum-3\/\" title=\"Kunstig intelligens og helsedata - for en fremtidsrettet diagnostisering\" target=\"_self\" rel=\"noopener\">\n\t\tKunstig intelligens og helsedata &#8211; for en fremtidsrettet diagnostisering\n\t\t<\/a>\n\t<\/h2>\n\t<p><em>v\/ <\/em><em><a href=\"https:\/\/helsedatadagen.no\/2023\/speaker\/ira-hebold-haraldsen\/\">Ira Hebold Haraldsen<\/a>, project coordinator for AI-Mind and head of Center for Cognitive Health in Brain Disease<\/em><\/p>\n<p>Utviklingen innen forskning og bruk av kunstig intelligens sammen med helsedata er et begrep som i \u00f8kende grad blir mer aktuelt.<\/p>\n<p>Kunstig intelligens blir stadig mer vanlig i helsevesenet. Gjennom forskning og innovasjon kan diagnostisering automatiseres, samt bidra til predikering av risiko for sykdom. Skal vi lykkes med kunstig intelligens innen helse, er vi derfor avhengig av gode data. Hvordan benyttes helsedata i dag til \u00e5 trene opp algoritmer, og hvordan kan kunstig intelligens bidra til innovasjon for en bedre helse- og omsorgstjeneste?<\/p>\n<p>I denne spennende sesjonen m\u00f8ter vi Dr. Ira Hebold Haraldsen, MD Ph.d., prosjektkoordinator for AI-Mind, et europeisk samarbeidsstudie om demens, og l\u00f8ftet frem av NORA (Norwegian Artificial Intelligence Research Consortium) som en av Norges fremste tech-kvinner innen kunstig intelligens i helse.<\/p>\n<p><strong>Moderator:<\/strong> <a href=\"https:\/\/helsedatadagen.no\/2023\/speaker\/iselin-holmedal-marstrander\/\">Iselin Holmedal Marstrander<\/a><\/p>\n\t<p><strong>11:45-12:30<\/strong><\/p>\n<h2>\n\t\tLunsj\n\t<\/h2>\n\t<p>Felles lunsj<\/p>\n\t<p><strong>12:30-13:15<\/strong><\/p>\n<h2>\n\t\t<a href=\"https:\/\/helsedatadagen.no\/2023\/session\/parallell-1a\/\" title=\"Ny bruk av helsedata\" target=\"_self\" rel=\"noopener\">\n\t\tNy bruk av helsedata\n\t\t<\/a>\n\t<\/h2>\n\t<p>Scene 1<\/p>\n<strong>Biomarkers &#8211; How have they revolutionized precision medicine<br \/>\n<\/strong><em>v\/\u00a0<a href=\"https:\/\/helsedatadagen.no\/2023\/speaker\/maria-mastrangelopoulou\/\">Maria Mastrangelopoulou<\/a>, leder analyse team, Coremine Vitae<\/em>\n<strong>Data fra velferdsteknologi vil endre eldreomsorgen<\/strong><br \/>\n<em>v\/ <\/em><em><a href=\"https:\/\/helsedatadagen.no\/2023\/speaker\/vegard-urnes\/\">Vegard Urnes<\/a>, ansvarlig forretningsutvikling i DignaCare<\/em>\n<p>Hvordan kan man bruke velferdsteknologidata til \u00e5 forbedre eldreomsorgen for \u00e5 sikre god innf\u00f8ring og permanente rutineendringer?<\/p>\n<strong>Sensordata forandrer n\u00e5 eldreomsorgen<\/strong><br \/>\n<em>v\/ <a href=\"https:\/\/helsedatadagen.no\/2023\/speaker\/johan-anstensrud\/\">Johan Anstensrud<\/a>, daglig leder i Sensio<\/em>\nNorske kommuner sitter allerede p\u00e5 mer normaliserte sensordata enn noe annet land i verden &#8211; hvordan kan vi bruke forspranget?<em><br \/>\n<\/em>\n<p><strong>Moderator:\u00a0<\/strong><a href=\"https:\/\/helsedatadagen.no\/2023\/speaker\/iselin-holmedal-marstrander\/\">Iselin Holmedal Marstrander<\/a><\/p>\n<h2>\n\t\t<a href=\"https:\/\/helsedatadagen.no\/2023\/session\/parallell-1b\/\" title=\"EHDS: Norsk og sekund\u00e6r testperspektiv\" target=\"_self\" rel=\"noopener\">\n\t\tEHDS: Norsk og sekund\u00e6r testperspektiv\n\t\t<\/a>\n\t<\/h2>\n\t<p>Scene 2<\/p>\n<strong>European Health Data Space &#8211; et norsk perspektiv<br \/>\n<\/strong><em>v\/ <a href=\"https:\/\/helsedatadagen.no\/2023\/speaker\/karoline-kristensen\/\">Karoline Kristensen<\/a>, seniorr\u00e5dgiver i Direktoratet for e-helse<\/em>\n<strong>HealthData@EU Pilot &#8211; test av Europas modenhet for EHDS p\u00e5 sekund\u00e6romr\u00e5det.<br \/>\n<\/strong><em>v\/ <a href=\"https:\/\/helsedatadagen.no\/2023\/speaker\/marianne-bartvedt-van-os\/\">Christina Hilmarsen<\/a>, seniorr\u00e5dgiver i<\/em> Helsedataservice\n<p>Om Norges deltakelse i HealthData@EU Pilot med use case.<\/p>\n<p><strong>Moderatorer<\/strong>:\u00a0<a href=\"https:\/\/helsedatadagen.no\/2023\/speaker\/nard-schreurs\/\">Nard Schreurs<\/a><\/p>\n\t<p><strong>13:30-14:15<\/strong><\/p>\n<h2>\n\t\t<a href=\"https:\/\/helsedatadagen.no\/2023\/session\/parallell-2a\/\" title=\"Kunstig intelligens for bedre styring p\u00e5 sykehus\" target=\"_self\" rel=\"noopener\">\n\t\tKunstig intelligens for bedre styring p\u00e5 sykehus\n\t\t<\/a>\n\t<\/h2>\n\t<p>Scene 1<\/p>\n<strong>Smart planlegging &#8211; AI og data for bedre kapasitetsstyring p\u00e5 sykehus<\/strong><br \/>\n<em>v\/ <a href=\"https:\/\/helsedatadagen.no\/2023\/speaker\/ivar-hukkelberg\/\">Ivar Hukkelberg<\/a>, director of customer success &amp; marketing i Deepinsight<\/em>\n<strong>AI-sykehuset &#8211; n\u00f8dvendig governancestruktur for \u00e5 lykkes<br \/>\n<\/strong><em>v\/ <a href=\"https:\/\/helsedatadagen.no\/2023\/speaker\/marthe-iverson-standeren\/\">Marthe Ivers\u00f8n Standeren<\/a>, Health Care lead, SAS Institute &amp; <\/em><em><a href=\"https:\/\/helsedatadagen.no\/2023\/speaker\/morten-krogh-danielsen\/\">Morten Krogh Danielsen<\/a>, Director, Advisory Services Nordic healthcare, SAS Institute<\/em>\n<p><strong>Moderator:<\/strong> <a href=\"https:\/\/helsedatadagen.no\/2023\/speaker\/sunniva-balstad\/\" data-rich-text-format-boundary=\"true\">Sunniva Balstad<\/a><\/p>\n<h2>\n\t\t<a href=\"https:\/\/helsedatadagen.no\/2023\/session\/parallell-2b\/\" title=\"Helsedata: Metadata og potensialet fremover\" target=\"_self\" rel=\"noopener\">\n\t\tHelsedata: Metadata og potensialet fremover\n\t\t<\/a>\n\t<\/h2>\n\t<p>Scene 2<\/p>\n<strong>Veien videre for \u00e5 f\u00e5 utnyttet v\u00e5re helsedata<br \/>\n<\/strong><em>v\/\u00a0<a href=\"https:\/\/helsedatadagen.no\/2023\/speaker\/stein-olav-skrovseth\/\">Stein Olav Skr\u00f8vseth<\/a>, senterleder ved Nasjonalt senter for e-helseforskning<\/em>\n<strong>METADATA om helsedatakilder &#8211; Hva i all verden er det?<\/strong><br \/>\n<em>v\/\u00a0<\/em><em><a href=\"https:\/\/helsedatadagen.no\/2023\/speaker\/truls-korsgaard\/\">Truls Korsgaard<\/a>, seniorr\u00e5dgiver avd. Helsedata i Direktoratet for e-helse<\/em>\n<strong>Hva gj\u00f8r Helsedirektoratet for \u00e5 videreutvikle og m\u00f8te fremtidens behov for sine helseregistre<\/strong><em><br \/>\nv\/\u00a0<a href=\"https:\/\/helsedatadagen.no\/2023\/speaker\/thore-thomassen\/\">Thore Thomassen,<\/a>\u00a0Sjefsarkitekt, Helsedirektoratet<\/em>\n<p><strong>Moderator:<\/strong> <a href=\"https:\/\/helsedatadagen.no\/2023\/speaker\/stein-olav-skrovseth\/\">Stein Olav Skr\u00f8vseth<\/a><\/p>\n\t<p><strong>14:30-15:15<\/strong><\/p>\n<h2>\n\t\t<a href=\"https:\/\/helsedatadagen.no\/2023\/session\/parallell-3a\/\" title=\"Fremtidens helsedata\" target=\"_self\" rel=\"noopener\">\n\t\tFremtidens helsedata\n\t\t<\/a>\n\t<\/h2>\n\t<p>Scene 1<\/p>\n<strong><b>Spr\u00e5kalgoritmer finner fram i historisk journalinformasjon &#8211; hva sier dette oss om utviklingen av framtidens journal?<\/b><\/strong><br \/>\n<em>v\/ <a href=\"https:\/\/helsedatadagen.no\/2023\/speaker\/bjorn-borresen\/\">Bj\u00f8rn B\u00f8rresen<\/a>, direkt\u00f8r for Norsk helsearkiv &amp; <a href=\"https:\/\/helsedatadagen.no\/2023\/speaker\/kari-nytroen\/\">Kari Nytr\u00f8en<\/a>, avd.dir, Norsk helsearkiv<\/em>\n<strong>Hvordan underst\u00f8tter Helsedirektoratet innenfor prim\u00e6rhelseomr\u00e5det gjennom sine helseregistre<\/strong><br \/>\n<em>v\/ <a href=\"https:\/\/helsedatadagen.no\/2023\/speaker\/tonje-zahl-thanem\/\">Tonje Zahl-Thanem<\/a>, (PhD), seniorr\u00e5dgiver i Helsedirektoratet<\/em>\n<p><strong>Moderator:<\/strong>\u00a0<a href=\"https:\/\/helsedatadagen.no\/2023\/speaker\/iselin-holmedal-marstrander\/\">Iselin Holmedal Marstrander<\/a><\/p>\n<h2>\n\t\t<a href=\"https:\/\/helsedatadagen.no\/2023\/session\/parallell-3b\/\" title=\"Hvordan lykkes med bruk av helsedata\" target=\"_self\" rel=\"noopener\">\n\t\tHvordan lykkes med bruk av helsedata\n\t\t<\/a>\n\t<\/h2>\n\t<p>Scene 2<\/p>\n<strong>RDAP &#8211; Helse S\u00f8r-\u00d8st sin nye data- og analyseplattform<\/strong><br \/>\n<em>v\/ <a href=\"https:\/\/helsedatadagen.no\/2023\/speaker\/jon-magnus-hoegh-omdal\/\">Jon Magnus H\u00f8egh-Omdal<\/a>, avdelingsleder Data og Analyse i Sykehuspartner<\/em>\n<strong>Hvordan gir Forskningsportalen enklere og sikrere tilgang til IKT-tjenester for forskere i Helse S\u00f8r-\u00d8st<\/strong><b><br \/>\n<\/b><em>v\/\u00a0<a href=\"https:\/\/helsedatadagen.no\/2023\/speaker\/gulay-kutal\/\" target=\"_blank\" rel=\"noopener\">G\u00fclay Kutal<\/a>, Sykehuspartner HF<\/em>\n<p><strong>Moderator:<\/strong> <em>\u00a0<a href=\"https:\/\/helsedatadagen.no\/2023\/speaker\/stein-olav-skrovseth\/\">Stein Olav Skr\u00f8vseth<\/a><\/em><\/p>\n\t<strong>15:30-16:15<br \/>\n<\/strong>Scene 1\n<h2>\n\t\t<a href=\"https:\/\/helsedatadagen.no\/2023\/session\/parallell-4a\/\" title=\"Avslutning\" target=\"_self\" rel=\"noopener\">\n\t\tAvslutning\n\t\t<\/a>\n\t<\/h2>\n\t<p>Scene 1<\/p>\n<strong>Kan sikker tilgang til helsedata og redusert fragmentering oppn\u00e5s med federert l\u00e6ring?<br \/>\n<\/strong><em>v\/ <a href=\"https:\/\/helsedatadagen.no\/2023\/speaker\/mathias-hansson\/\">Mathias Hansson<\/a>, solution lead data &amp; AI at Tietoevry Care &amp; <a href=\"https:\/\/helsedatadagen.no\/2023\/speaker\/hans-jacob-moe\/\">Hans Jacob Moe<\/a>, head of patient engagement, Tietoevry<\/em>\n<b>Debatt og samtale<br \/>\n<\/b><em>v\/<a href=\"https:\/\/helsedatadagen.no\/2023\/speaker\/havard-kolle-riis\/\"> H\u00e5vard Kolle Riis<\/a>, fungerende divisjonsdirekt\u00f8r informasjonsforvaltning, Direktoratet for e-helse, <a href=\"https:\/\/helsedatadagen.no\/2023\/speaker\/bjorn-borresen\/\" target=\"_blank\" rel=\"noopener\">Bj\u00f8rn B\u00f8rresen<\/a>, direkt\u00f8r for Norsk helsearkiv, <a href=\"https:\/\/helsedatadagen.no\/2023\/speaker\/hans-jacob-moe\/\" target=\"_blank\" rel=\"noopener\">Hans Jacob Moe<\/a>, head of Patient Engagement i Tietoevry<\/em>\n<p><strong>Debatt og oppsummering<\/strong><\/p>\n<p><strong>Moderatorer<\/strong>:\u00a0<a href=\"https:\/\/helsedatadagen.no\/2023\/speaker\/nard-schreurs\/\">Nard Schreurs<\/a> &amp;\u00a0<a href=\"https:\/\/helsedatadagen.no\/2023\/speaker\/iselin-holmedal-marstrander\/\">Iselin Holmedal Marstrander<\/a><\/p>\n\n","protected":false},"excerpt":{"rendered":"<p>Program Programmet vil best\u00e5 av plenumssesjoner frem til lunsj, for s\u00e5 \u00e5 bli delt opp i to parallelle spor. Endringer kan forekomme. 09:00-10:00 Scene 1 \u00c5pningen av Helsedatadagen 2023 Helsedata &#8211; en av grunnpilarene i helsevesenet og et viktig fundament for helseinnovasjon. Teknologi og kunstig intelligens har revolusjonert m\u00e5ten vi samler og bruker helsedata p\u00e5.&hellip;<\/p>\n","protected":false},"author":2,"featured_media":0,"parent":0,"menu_order":0,"comment_status":"closed","ping_status":"closed","template":"","meta":{"_acf_changed":false,"footnotes":""},"class_list":["post-320","page","type-page","status-publish","hentry"],"acf":[],"_links":{"self":[{"href":"https:\/\/helsedatadagen.no\/2023\/wp-json\/wp\/v2\/pages\/320","targetHints":{"allow":["GET"]}}],"collection":[{"href":"https:\/\/helsedatadagen.no\/2023\/wp-json\/wp\/v2\/pages"}],"about":[{"href":"https:\/\/helsedatadagen.no\/2023\/wp-json\/wp\/v2\/types\/page"}],"author":[{"embeddable":true,"href":"https:\/\/helsedatadagen.no\/2023\/wp-json\/wp\/v2\/users\/2"}],"replies":[{"embeddable":true,"href":"https:\/\/helsedatadagen.no\/2023\/wp-json\/wp\/v2\/comments?post=320"}],"version-history":[{"count":135,"href":"https:\/\/helsedatadagen.no\/2023\/wp-json\/wp\/v2\/pages\/320\/revisions"}],"predecessor-version":[{"id":927,"href":"https:\/\/helsedatadagen.no\/2023\/wp-json\/wp\/v2\/pages\/320\/revisions\/927"}],"wp:attachment":[{"href":"https:\/\/helsedatadagen.no\/2023\/wp-json\/wp\/v2\/media?parent=320"}],"curies":[{"name":"wp","href":"https:\/\/api.w.org\/{rel}","templated":true}]}}