{"id":318,"date":"2023-01-11T12:55:34","date_gmt":"2023-01-11T11:55:34","guid":{"rendered":"https:\/\/helsedatadagen.no\/2023\/?page_id=318"},"modified":"2023-05-05T09:10:23","modified_gmt":"2023-05-05T07:10:23","slug":"om-helsedatadagen","status":"publish","type":"page","link":"https:\/\/helsedatadagen.no\/2023\/om-helsedatadagen\/","title":{"rendered":"Om Helsedatadagen"},"content":{"rendered":"\n<h1>\n\t\tOm Helsedatadagen\n\t<\/h1>\n\t<p><strong>Hva er Helsedatadagen?<\/strong><\/p>\n<p>Helsedata. Et begrep som stadig opptar overskriftene. Det nye gullet &#8211; en m\u00e5te \u00e5 l\u00f8se de utallige g\u00e5tene vi fortsatt har innen helse. L\u00f8ftene er store, visjonene ikke mindre. Land som Sverige og Norge har uttalt et \u00f8nske om \u00e5 bli best p\u00e5 &laquo;e-helse&raquo;.<\/p>\n<p>Men virkeligheten er vanskelig. Innsamling og bruk av helsedata utsetter oss for store utfordringer. Det gjelder det juridiske, det tekniske, det semantiske og enkle sp\u00f8rsm\u00e5l om eierskap og ansvar.\u00a0<\/p>\n<p>Med Helsedatadagen setter vi s\u00f8kelyset p\u00e5 helt grunnleggende utfordringer som &laquo;hva er helsedata&raquo; og &laquo;hvordan skal helsedata lagres, deles og analyseres&raquo;.<\/p>\n<p>H\u00e5ndtering av helsedata i en digitalisert verden er et sentralt element i \u00e5 lykkes med transformasjonen til et bedre og datadrevet helsesystem. Det handler om en sikker teknisk infrastruktur, gode standarder, juridiske rammer og en god etisk forankring.\u00a0<\/p>\n<p>EHiN har en lang tradisjon med \u00e5 samle ulike akt\u00f8rer fra Norge og utlandet p\u00e5 tvers av privat og offentlig sektor. Det er nettopp i m\u00f8tepunktet mellom it-bransjen, offentlig sektor, innovasjon, forskning og helse at bruk av helsedata ligger forankret.\u00a0<\/p>\n<p>Helsedata har verdi p\u00e5 mange omr\u00e5der &#8211; for deg som individ, for samfunnet, for klinisk bruk, for forskning p\u00e5 nye behandlingsmetoder, for det offentlige, for innovasjon og for verdiskapning i n\u00e6ringslivet. Den verdien kan bli mye st\u00f8rre hvis vi utnytter ressursene og kompetansen bedre.<\/p>\n<p>Helsedatadagen setter fokus p\u00e5 sp\u00f8rsm\u00e5let om hvordan vi i Norge og Norden kan ha en god forvaltning av helsedata, slik at vi kan bygge verdier og innovasjon p\u00e5 den.<\/p>\n\t<p><strong><img loading=\"lazy\" decoding=\"async\" src=\"https:\/\/helsedatadagen.no\/2023\/wp-content\/uploads\/sites\/3\/2023\/03\/Skjermbilde-Espen-Nakstad-300x235.png\" alt=\"\" width=\"300\" height=\"235\" \/><\/strong><\/p>\n<p><strong>Hvem kommer til Helsedatadagen?<\/strong><\/p>\n<p>Her kan du m\u00f8te ulike akt\u00f8rer innen helsedata, b\u00e5de fra offentlig og privat sektor, med bakgrunn fra b\u00e5de jus, forskning, politikk og IT.<\/p>\n\t<p><strong>Hva skjer p\u00e5 Helsedatadagen?<\/strong><\/p>\n<p>P\u00e5 Helsedatadagen vil det v\u00e6re flere relevante og interessante faglige foredrag og panelsamtaler, b\u00e5de i plenum og i mindre sesjoner.<\/p>\nI tillegg vil du m\u00f8te spennende utstillere i mingleomr\u00e5dene.<br \/>\nOm du \u00f8nsker kan du fortsette samtalen over middag etter endt konferansedag\n<p>&nbsp;<\/p>\n<p>Se alt om fjor\u00e5rets konferanse her: <a href=\"https:\/\/helsedatadagen.no\/2022\/\">Helsedatadagen 2022<\/a><\/p>\n<p>&nbsp;<\/p>\n<p>Bes\u00f8k oss ogs\u00e5 p\u00e5 <a href=\"http:\/\/ehin.no\">ehin.no<\/a><\/p>\n<p>&nbsp;<\/p>\n\n","protected":false},"excerpt":{"rendered":"<p>Om Helsedatadagen Hva er Helsedatadagen? Helsedata. Et begrep som stadig opptar overskriftene. Det nye gullet &#8211; en m\u00e5te \u00e5 l\u00f8se de utallige g\u00e5tene vi fortsatt har innen helse. L\u00f8ftene er store, visjonene ikke mindre. Land som Sverige og Norge har uttalt et \u00f8nske om \u00e5 bli best p\u00e5 &laquo;e-helse&raquo;. Men virkeligheten er vanskelig. Innsamling og&hellip;<\/p>\n","protected":false},"author":2,"featured_media":0,"parent":0,"menu_order":0,"comment_status":"closed","ping_status":"closed","template":"","meta":{"_acf_changed":false,"footnotes":""},"class_list":["post-318","page","type-page","status-publish","hentry"],"acf":[],"_links":{"self":[{"href":"https:\/\/helsedatadagen.no\/2023\/wp-json\/wp\/v2\/pages\/318","targetHints":{"allow":["GET"]}}],"collection":[{"href":"https:\/\/helsedatadagen.no\/2023\/wp-json\/wp\/v2\/pages"}],"about":[{"href":"https:\/\/helsedatadagen.no\/2023\/wp-json\/wp\/v2\/types\/page"}],"author":[{"embeddable":true,"href":"https:\/\/helsedatadagen.no\/2023\/wp-json\/wp\/v2\/users\/2"}],"replies":[{"embeddable":true,"href":"https:\/\/helsedatadagen.no\/2023\/wp-json\/wp\/v2\/comments?post=318"}],"version-history":[{"count":11,"href":"https:\/\/helsedatadagen.no\/2023\/wp-json\/wp\/v2\/pages\/318\/revisions"}],"predecessor-version":[{"id":903,"href":"https:\/\/helsedatadagen.no\/2023\/wp-json\/wp\/v2\/pages\/318\/revisions\/903"}],"wp:attachment":[{"href":"https:\/\/helsedatadagen.no\/2023\/wp-json\/wp\/v2\/media?parent=318"}],"curies":[{"name":"wp","href":"https:\/\/api.w.org\/{rel}","templated":true}]}}