{"id":316,"date":"2023-01-11T12:55:16","date_gmt":"2023-01-11T11:55:16","guid":{"rendered":"https:\/\/helsedatadagen.no\/2023\/?page_id=316"},"modified":"2023-04-11T11:10:17","modified_gmt":"2023-04-11T09:10:17","slug":"bli-partner","status":"publish","type":"page","link":"https:\/\/helsedatadagen.no\/2023\/bli-partner\/","title":{"rendered":"Bli partner"},"content":{"rendered":"\n<h1>\n\t\tVil du bli partner p\u00e5 Helsedatadagen 2023?\n\t<\/h1>\n\t<h3><b>Dagskonferanse 10. mai kl. 9:00-16:15 p\u00e5 Oslo Event Hub<\/b><\/h3>\n\t<p><img loading=\"lazy\" decoding=\"async\" src=\"https:\/\/helsedatadagen.no\/2023\/wp-content\/uploads\/sites\/3\/2023\/03\/Skjermbilde-Deepinsight-300x201.png\" alt=\"\" width=\"300\" height=\"201\" \/><\/p>\n<p>Helsedata er et fundament i helsevesenet og ikke minst for den teknologiske helseinnovasjonen.<\/p>\n<p>I kjent EHiN-stil vil dagen best\u00e5 av spennende faglige innlegg og interessante panelsamtaler om flere av de viktigste temaene innen helsedata.<\/p>\n<p>H\u00e5ndtering av helsedata i en digitalisert verden er et sentralt element i \u00e5 lykkes med transformasjonen til et bedre og datadrevet helsesystem. Det handler om en sikker teknisk infrastruktur, gode standarder, juridiske rammer og en god etisk forankring.<\/p>\n<p>EHiN har en lang tradisjon med \u00e5 samle ulike akt\u00f8rer fra Norge og utlandet p\u00e5 tvers av privat og offentlig sektor. Det er nettopp i m\u00f8tepunktet mellom it-bransjen, offentlig sektor, innovasjon, forskning og helse at bruk av helsedata ligger forankret.<\/p>\n<p><b>Ta kontakt med\u00a0<\/b><a href=\"mailto:Elisabeth.kras@ehin.no\"><b>Elisabeth.kras@ehin.no<\/b><\/a><b>\u00a0for partnerskap.<\/b><\/p>\n<p>OBS &#8211; plassbegrensning: 10 utstillerplasser!<\/p>\n<p>S\u00e5 snart kontrakt er signert kan du kontakte EHiN teamet for videre planlegging av beliggenhet av stand.<\/p>\n<p>&nbsp;<\/p>\n<p><strong>Rigging kun 10. mai.<\/strong> Riggingen kan starte fra kl 7:00. \u00d8nsker du \u00e5 starte rigging tidligere p\u00e5 morgenen, ta kontakt.<\/p>\n<p><b>Vi ses p\u00e5 Helsedatadagen 10. mai 2023!<\/b><\/p>\n\t\t<nav>\n\t\t\t<ul>\n\t\t\t\t\t\t\t\t<li data-index=\"0\">\n\t\t\t\t\t<h3>\n\t\t\t\t\t\t<a href=\"void(0);\">Partnerpakke for Helsedatadagen\n\t\t\t\t\t\t\t\t\t\t\t\t<\/a>\n\t\t\t\t\t<\/h3>\n\t\t\t\t<\/li>\n\t\t\t\t\t\t\t\t<li data-index=\"1\">\n\t\t\t\t\t<h3>\n\t\t\t\t\t\t<a href=\"void(0);\">For Hel\u00e5rspartnere\n\t\t\t\t\t\t\t\t\t\t\t\t<\/a>\n\t\t\t\t\t<\/h3>\n\t\t\t\t<\/li>\n\t\t\t\t\t\t\t<\/ul>\n\t\t<\/nav>\n\t\t\t\t\t<h3>\n\t\t\t\t\t\t\t\t\t\t\t\tPartnerpakke for Helsedatadagen\n\t\t\t\t\t\t\t\t\t\t\t<\/h3>\n\t\t\t\t\t<ul>\n<li>NOK 40 000 eks. mva.<\/li>\n<li>Tilgang til utstillerplass (st\u00f8rrelse avtales)<\/li>\n<li>Bidra med innhold i program under EHiNs redaksjon<\/li>\n<li>2 deltakerbilletter a kr 3000,-<\/li>\n<li>Synlighet p\u00e5 webside, nyhetsbrev og i all markedsf\u00f8ring rundt Helsedatadagen<\/li>\n<\/ul>\n\t\t\t\t\t<h3>\n\t\t\t\t\t\t\t\t\t\t\t\tFor Hel\u00e5rspartnere\n\t\t\t\t\t\t\t\t\t\t\t<\/h3>\n\t\t\t\t\t<ul>\n<li>NOK 20 000 eks. mva.<\/li>\n<li>Prioritert partner mht tilgang til utstillerplass (st\u00f8rrelse avtales)<\/li>\n<li>Prioritert partner mht \u00e5 bidra med innhold i program under EHiNs redaksjon<\/li>\n<li>2 deltakerbilletter a kr 3000,-<\/li>\n<li>Synlighet p\u00e5 webside, nyhetsbrev og i all markedsf\u00f8ring rundt Helsedatadagen<\/li>\n<\/ul>\n<p>Se andre fordeler for hel\u00e5rspartnere her: <a href=\"https:\/\/ehin.no\/2023\/bli-partner\/\">EHIN 2023<\/a><\/p>\n\t\t\t\t\t<!-- \/content -->\n\t<!-- \/tabs -->\n\t<p><img loading=\"lazy\" decoding=\"async\" src=\"https:\/\/helsedatadagen.no\/2023\/wp-content\/uploads\/sites\/3\/2023\/04\/Plantegning-300x177.png\" alt=\"\" width=\"300\" height=\"177\" \/><\/p>\n\n","protected":false},"excerpt":{"rendered":"<p>Vil du bli partner p\u00e5 Helsedatadagen 2023? Dagskonferanse 10. mai kl. 9:00-16:15 p\u00e5 Oslo Event Hub Helsedata er et fundament i helsevesenet og ikke minst for den teknologiske helseinnovasjonen. I kjent EHiN-stil vil dagen best\u00e5 av spennende faglige innlegg og interessante panelsamtaler om flere av de viktigste temaene innen helsedata. H\u00e5ndtering av helsedata i en&hellip;<\/p>\n","protected":false},"author":2,"featured_media":0,"parent":0,"menu_order":0,"comment_status":"closed","ping_status":"closed","template":"","meta":{"_acf_changed":false,"footnotes":""},"class_list":["post-316","page","type-page","status-publish","hentry"],"acf":[],"_links":{"self":[{"href":"https:\/\/helsedatadagen.no\/2023\/wp-json\/wp\/v2\/pages\/316","targetHints":{"allow":["GET"]}}],"collection":[{"href":"https:\/\/helsedatadagen.no\/2023\/wp-json\/wp\/v2\/pages"}],"about":[{"href":"https:\/\/helsedatadagen.no\/2023\/wp-json\/wp\/v2\/types\/page"}],"author":[{"embeddable":true,"href":"https:\/\/helsedatadagen.no\/2023\/wp-json\/wp\/v2\/users\/2"}],"replies":[{"embeddable":true,"href":"https:\/\/helsedatadagen.no\/2023\/wp-json\/wp\/v2\/comments?post=316"}],"version-history":[{"count":27,"href":"https:\/\/helsedatadagen.no\/2023\/wp-json\/wp\/v2\/pages\/316\/revisions"}],"predecessor-version":[{"id":691,"href":"https:\/\/helsedatadagen.no\/2023\/wp-json\/wp\/v2\/pages\/316\/revisions\/691"}],"wp:attachment":[{"href":"https:\/\/helsedatadagen.no\/2023\/wp-json\/wp\/v2\/media?parent=316"}],"curies":[{"name":"wp","href":"https:\/\/api.w.org\/{rel}","templated":true}]}}